{"id":13140,"date":"2012-11-29T01:30:11","date_gmt":"2012-11-29T07:30:11","guid":{"rendered":"http:\/\/mesoamericaregion.org\/es\/?page_id=13140"},"modified":"2018-04-23T09:59:10","modified_gmt":"2018-04-23T15:59:10","slug":"nous-sommes-un-peuple-missionnaire","status":"publish","type":"page","link":"https:\/\/www.mesonaz.org\/fr\/noun-croyons\/nous-sommes-un-peuple-missionnaire\/","title":{"rendered":"Nous Sommes un Peuple Missionnaire"},"content":{"rendered":"<h1>Nous Sommes un Peuple Missionnaire<\/h1>\n<p><strong>A.\u00a0 Notre mission d\u2019adoration<\/strong><\/p>\n<p>La mission de l&rsquo;\u00c9glise dans le monde commence dans l\u2019adoration. C&rsquo;est comme si nous sommes rassembl\u00e9s devant Dieu dans l\u2019adoration &#8211; chantant , \u00e9coutant la lecture publique de la Bible , en donnant la d\u00eeme et les offrandes, priant , \u00e9coutant la Parole de la pr\u00e9dication , baptisant , et partageant la C\u00e8ne du Seigneur &#8211; nous en savons plus clairement ce que signifie \u00eatre le peuple de Dieu . Notre croyance que l&rsquo;\u0153uvre de Dieu dans le monde est r\u00e9alis\u00e9e principalement par des congr\u00e9gations adorant nous am\u00e8ne \u00e0 comprendre que notre mission consiste \u00e0 recevoir de nouveaux membres dans la communion de l\u2019\u00e9glise et de l&rsquo;organisation des nouvelles congr\u00e9gations d\u2019adoration.<\/p>\n<p>L&rsquo;adoration est la plus haute expression de notre amour pour Dieu. Celle-ci est centr\u00e9e sur Dieu l&rsquo;adoration qui honore Celui qui, dans la gr\u00e2ce et la mis\u00e9ricorde, nous rach\u00e8te. Le contexte primaire pour l\u2019adoration est l&rsquo;\u00e9glise locale o\u00f9 le peuple de Dieu se rassemblent, pas dans l&rsquo;exp\u00e9rience centr\u00e9e sur soi ou pour l&rsquo;auto- glorification, mais plut\u00f4t dans le don de soi et l\u2019offrande de soi. L&rsquo;adoration est l&rsquo;\u00e9glise dans le service d&rsquo;amour, ob\u00e9issant \u00e0 Dieu.<\/p>\n<p>L&rsquo;adoration est le premier privil\u00e8ge et la responsabilit\u00e9 du peuple de Dieu. C&rsquo;est la rencontre de la communaut\u00e9 de l&rsquo;alliance devant Dieu dans la proclamation et la r\u00e9ponse de la c\u00e9l\u00e9bration de ce qu\u2019Il est, ce qu&rsquo;Il a fait, et ce qu&rsquo;Il promet de faire.<\/p>\n<p>L&rsquo;\u00e9glise locale dans l\u2019adoration est au c\u0153ur de notre identit\u00e9. L&rsquo;Eglise du Nazar\u00e9en est essentiellement le adoration des congr\u00e9gations locales, et c&rsquo;est dans et par l&rsquo;assembl\u00e9e locale que notre mission est accomplie. La mission de l&rsquo;\u00c9glise trouve son sens et orientation dans l\u2019adoration. C\u2019est dans la pr\u00e9dication de la Parole , la c\u00e9l\u00e9bration des sacrements , la lecture publique des Ecritures , le chant des hymnes et des ch\u0153urs , la pri\u00e8re corporative et la pr\u00e9sentation de nos d\u00eemes et des offrandes que nous savons plus clairement ce que \u00a0signifie \u00eatre le peuple de Dieu . Il est dans l\u2019adoration que nous comprenons plus clairement ce que signifie particip\u00e9 avec Dieu dans l&rsquo;\u0153uvre de la r\u00e9demption.<\/p>\n<p>C&rsquo;est avec un esprit d&rsquo;esp\u00e9rance et d&rsquo;optimisme que nous nous engageons \u00e0 notre mission donn\u00e9e par Dieu dans le monde. Il est plus que l&rsquo;expression d&rsquo;une pr\u00e9occupation humaine ou l&rsquo;effort humain. Notre mission est une r\u00e9ponse \u00e0 l&rsquo;appel de Dieu. Il est de notre participation avec Dieu dans la mission de r\u00e9conciliation du royaume. Il est un t\u00e9moin fid\u00e8le de l&rsquo;\u00e9glise et l&rsquo;expression de l&rsquo;amour de Dieu dans le monde dans l\u2019\u00e9vang\u00e9lisation, la compassion et la justice. C&rsquo;est notre foi dans la capacit\u00e9 de la gr\u00e2ce de Dieu pour transformer la vie des personnes bless\u00e9es par le p\u00e9ch\u00e9 et \u00e0 les restaurer \u00e0 leur propre image.<\/p>\n<p>&nbsp;<\/p>\n<p><strong>B.\u00a0 Notre Mission de Compassion et d&rsquo;Evang\u00e9lisation <\/strong><\/p>\n<p>Comme des gens qui sont consacr\u00e9s \u00e0 Dieu, nous partageons Son amour avec les perdus et Sa compassion avec les pauvres et les bris\u00e9s. Le Grand Commandement (Mathieu 22:36-40) et la Grande Commission (Mathieu 28:19-20) nous pousse \u00e0 nous engager dans le monde dans l\u2019\u00e9vang\u00e9lisation, la compassion et la justice. \u00c0 cette fin, nous nous engageons \u00e0 inviter les gens \u00e0 la foi , \u00e0 prendre soin des n\u00e9cessiteux, \u00e0 s&rsquo;opposer \u00e0 l&rsquo;injustice et \u00e0 l&rsquo;oppression, au travail pour prot\u00e9ger et pr\u00e9server les ressources de la cr\u00e9ation de Dieu et \u00e0 inclure dans notre communion tous ceux qui invoquent le nom du Seigneur .<\/p>\n<p>Gr\u00e2ce \u00e0 sa mission dans le monde, l&rsquo;\u00e9glise d\u00e9montre l&rsquo;amour de Dieu. L&rsquo;histoire de la Bible est l&rsquo;histoire de Dieu r\u00e9conciliant le monde avec lui-m\u00eame, en fin de compte par J\u00e9sus-Christ (2 Corinthiens 5:16-2 1). L&rsquo;\u00e9glise est envoy\u00e9e dans le monde pour participer avec Dieu dans ce minist\u00e8re d&rsquo;amour et de r\u00e9conciliation par l\u2019\u00e9vang\u00e9lisation, la compassion et la justice.<\/p>\n<p>La Grande Commission aussi bien que le Grand Commandement est au c\u0153ur de la compr\u00e9hension de notre mission. Ils sont deux expressions d\u2019une mission, deux dimensions d\u2019un seul message de l&rsquo;\u00c9vangile. J\u00e9sus, qui nous conduit \u00e0 \u00ab Tu aimeras le Seigneur ton Dieu de tout ton c\u0153ur, de toute ton \u00e2me et de tout ton esprit .., et ton prochain comme toi-m\u00eame\u00bb (Matthieu 22:37 , 39) nous dit aussi \u00abAllez et faites des disciples de toutes les nations, les baptisant au nom du P\u00e8re et du Fils et du Saint-Esprit, et enseignez-leur \u00e0 observer tout ce que je vous ai prescrit \u00bb (28:19-20 ).<\/p>\n<p>La mission de l&rsquo;\u00c9glise dans le monde se r\u00e9pand \u00e0 l&rsquo;humanit\u00e9 tout enti\u00e8re comme \u00e0 toutes les personnes, \u00e9tant cr\u00e9\u00e9es \u00e0 l&rsquo;image de Dieu, ont une valeur supr\u00eame. Il est de notre mission d&rsquo;aimer et de valoriser les gens comme ils sont aim\u00e9s et valoris\u00e9s par Dieu, qui cherche \u00e0 apporter la paix, la justice et le salut du p\u00e9ch\u00e9 par le Christ. Notre mission est d\u2019avoir de la compassion et de prendre soins des n\u00e9cessiteux. Il est de notre mission de s&rsquo;opposer \u00e0 des syst\u00e8mes sociaux et politiques qui d\u00e9valuent ou marginalisent les gens.<\/p>\n<p>La mission de l&rsquo;Eglise s&rsquo;\u00e9tend \u00e0 tout le monde. Dieu nous a cr\u00e9\u00e9s comme des personnes compl\u00e8tes, et il est de notre mission d&rsquo;\u00eatre les ministres de l&rsquo;amour de Dieu pour les personnes en tant que personnes compl\u00e8tes &#8211; corps, \u00e2me et esprit. Notre mission d&rsquo;\u00e9vang\u00e9lisation, de la compassion et de la justice est une seule mission int\u00e9gr\u00e9e, engager les gens dans leurs besoins physiques, \u00e9motionnels et spirituels.<\/p>\n<p>La mission de l&rsquo;Eglise dans le monde s&rsquo;\u00e9tend \u00e0 toute l\u2019humanit\u00e9, parce que J\u00e9sus Christ est venu dans le monde pour sauver tous ceux qui invoquent son nom. Comme le peuple de Dieu, nous avons le privil\u00e8ge et la responsabilit\u00e9 de partager les bonnes nouvelles de l&rsquo;Evangile \u00e0 tous ceux qui l\u2019entendront. Que ce soit dans les services publics ou dans le t\u00e9moignage personnel un-\u00e0-un, notre passion est de profiter de chaque occasion pour inviter les gens \u00e0 la foi en J\u00e9sus-Christ.<\/p>\n<p>La mission de l&rsquo;Eglise dans le monde s&rsquo;\u00e9tend \u00e0 toutes les personnes, parce que l&rsquo;Esprit Saint, au jour de la Pentec\u00f4te, s\u2019est rependu sur toute l&rsquo;humanit\u00e9 (Actes 2). Notre mission est de pr\u00e9senter l&rsquo;\u00e9vangile du salut par J\u00e9sus-Christ \u00e0 chaque personne sur la terre. Nous sommes habilit\u00e9s par l&rsquo;Esprit pour entrer dans le monde proclamant le Royaume de Dieu et participant \u00e0 la construction de l\u2019\u00e9glise.<\/p>\n<p>C&rsquo;est avec un esprit d&rsquo;espoir et d&rsquo;optimisme que nous nous engageons \u00e0 notre mission donn\u00e9e par Dieu dans le monde. Il est plus que l&rsquo;expression d&rsquo;une pr\u00e9occupation humaine ou l&rsquo;effort humain. Notre mission est une r\u00e9ponse \u00e0 l&rsquo;appel de Dieu. Il est de notre participation avec Dieu dans la mission du Royaume de la r\u00e9conciliation. Il est un t\u00e9moin fid\u00e8le de l&rsquo;\u00e9glise et l&rsquo;expression de l&rsquo;amour de Dieu dans le monde dans l\u2019\u00e9vang\u00e9lisation, la compassion et la justice. C&rsquo;est notre foi dans la capacit\u00e9 de la gr\u00e2ce de Dieu pour transformer la vie des personnes bless\u00e9es par le p\u00e9ch\u00e9 et \u00e0 les restaurer \u00e0 leur propre image.<\/p>\n<p>&nbsp;<\/p>\n<p><strong>C.\u00a0 Notre mission de faire des disciples<\/strong><\/p>\n<p>Nous nous engageons \u00e0 \u00eatre et \u00e0 inviter les autres \u00e0 devenir des disciples de J\u00e9sus. Dans cet esprit, nous nous engageons \u00e0 fournir les moyens (l\u2019\u00e9cole du dimanche, des \u00e9tudes bibliques, des petits groupes pour les comptes rendus, etc.) par lequel les croyants sont encourag\u00e9s \u00e0 d\u00e9velopper leur compr\u00e9hension de la foi chr\u00e9tienne et leur relation avec les autres et avec Dieu. Nous comprenons que le discipulat inclue la pr\u00e9sentation de nous-m\u00eames \u00e0 Dieu et l&rsquo;ob\u00e9issance aux disciplines de la foi. Nous croyons que nous sommes l\u00e0 pour nous aider les uns les autres \u00e0 vivre la vie sainte par le soutien mutuel, la fraternit\u00e9 chr\u00e9tienne et la responsabilit\u00e9 dans l\u2019amour\u00a0; Wesley a dit \u201c Dieu nous a donn\u00e9 l\u2019un l\u2019autre pour renforcer les mains d&rsquo;un autre. \u201d<\/p>\n<p>Le discipulat chr\u00e9tien est un mode de vie. C&rsquo;est le processus d\u2019apprentissage du comment Dieu veut que nous vivions dans le monde. Comme nous apprenons \u00e0 vivre dans l&rsquo;ob\u00e9issance \u00e0 la Parole de Dieu, dans la soumission aux disciplines de la foi, et la reddition de comptes \u00e0 l&rsquo;autre, nous commen\u00e7ons \u00e0 comprendre la vraie joie de la vie disciplin\u00e9e et la compr\u00e9hension chr\u00e9tienne de la libert\u00e9. Le discipulat n&rsquo;est pas un effort purement humain, la soumission \u00e0 des r\u00e8gles et r\u00e8glements. Il est le moyen par lequel l&rsquo;Esprit Saint nous conduit peu \u00e0 peu \u00e0 la maturit\u00e9 en Christ. C&rsquo;est gr\u00e2ce au discipulat que nous devenons des personnes \u00e0 caract\u00e8re chr\u00e9tien. Le but ultime du discipulat est d\u2019\u00eatre transform\u00e9 \u00e0 la ressemblance de J\u00e9sus-Christ (2 Corinthiens 3:18 ).<\/p>\n<p>Par l\u2019\u00e9tude et la m\u00e9ditation des \u00c9critures, les chr\u00e9tiens d\u00e9couvrent des fontaines de rafra\u00eechissement dans chaque vall\u00e9e assoiff\u00e9e dans leur chemin en faisant des disciples. Fortifi\u00e9s par le lavage de la Parole , raffin\u00e9s par l\u2019immersion dans la Parole , buvant profond\u00e9ment les v\u00e9rit\u00e9s de la Parole , les disciples d\u00e9couvrent \u00e0 leur grande surprise qu&rsquo;ils sont \u00abtransform\u00e9s par le renouvellement de <div class=\"fusion-fullwidth fullwidth-box fusion-builder-row-1 fusion-flex-container hundred-percent-fullwidth non-hundred-percent-height-scrolling\" style=\"--awb-border-radius-top-left:0px;--awb-border-radius-top-right:0px;--awb-border-radius-bottom-right:0px;--awb-border-radius-bottom-left:0px;--awb-overflow:visible;--awb-flex-wrap:wrap;\" ><div class=\"fusion-builder-row fusion-row fusion-flex-align-items-flex-start fusion-flex-content-wrap\" style=\"width:calc( 100% + 0px ) !important;max-width:calc( 100% + 0px ) !important;margin-left: calc(-0px \/ 2 );margin-right: calc(-0px \/ 2 );\"><div class=\"fusion-layout-column fusion_builder_column fusion-builder-column-0 fusion_builder_column_1_1 1_1 fusion-flex-column fusion-flex-align-self-flex-start fusion-column-no-min-height\" style=\"--awb-bg-size:cover;--awb-width-large:100%;--awb-margin-top-large:0px;--awb-spacing-right-large:0px;--awb-margin-bottom-large:0px;--awb-spacing-left-large:0px;--awb-width-medium:100%;--awb-spacing-right-medium:0px;--awb-spacing-left-medium:0px;--awb-width-small:100%;--awb-spacing-right-small:0px;--awb-spacing-left-small:0px;\"><div class=\"fusion-column-wrapper fusion-flex-justify-content-flex-start fusion-content-layout-column\">[ leur ] intelligence \u00bb (Romains 12:2). La route chr\u00e9tienne s&rsquo;ouvre devant eux comme une route grande et ouverte. Rendus forts par Dieu, nous proc\u00e9dons \u00e0 un mode de vie qui eclipse de simples valeurs humaines et culturelles. Rafraichi par la fontaine de la Parole, les disciples abandonnent leur vie \u00e0 un service de depassement de soi.<\/p>\n<p>Nous affirmons la valeur des disciplines spirituelles vivifiantes dans la formation des femmes et des hommes en tant que disciples du Christ. Les disciplines de la pri\u00e8re et le je\u00fbne, l\u2019adoration, l&rsquo;\u00e9tude personnelle, le service et la simplicit\u00e9 sont en m\u00eame temps des expressions naturelles et des engagements volontaires dans la vie du croyant. Le discipulat n\u00e9cessite le soutien mutuel et la responsabilit\u00e9 d&rsquo;amour. De notre cot\u00e9, peu d&rsquo;entre nous d\u00e9veloppent les disciplines spirituelles qui conduisent \u00e0 la maturit\u00e9 chr\u00e9tienne. Nous croyons que nous devons encourager le soutien mutuel fourni par des moyens tels que des classes d&rsquo;\u00e9cole du dimanche , des groupes de formation de disciples , groupes d&rsquo;\u00e9tude biblique , des r\u00e9unions de pri\u00e8re , des groupes de reddition de compte, et la tutelle chr\u00e9tienne sont n\u00e9cessaires pour notre formation spirituelle et la maturit\u00e9 . Reconnaissant le r\u00f4le de la responsabilit\u00e9 dans les r\u00e9unions de classe wesleyenne nous encourage \u00e0 soutenir leur place dans la congr\u00e9gation chr\u00e9tienne contemporaine.<\/p>\n<p>&nbsp;<\/p>\n<p><strong>D.\u00a0 Notre mission d\u2019\u00e9ducation chr\u00e9tienne sup\u00e9rieure<\/strong><\/p>\n<p>Nous nous sommes engag\u00e9s dans l&rsquo;\u00e9ducation chr\u00e9tienne, par laquelle les hommes et les femmes sont \u00e9quip\u00e9s pour une vie de service chr\u00e9tien. Dans nos s\u00e9minaires, instituts bibliques, les coll\u00e8ges et les universit\u00e9s, nous nous sommes engag\u00e9s \u00e0 la recherche de la connaissance, le d\u00e9veloppement du caract\u00e8re chr\u00e9tien, et d&rsquo;\u00e9quiper les dirigeants \u00e0 atteindre notre appel divin \u00e0 servir dans l&rsquo;\u00c9glise et dans le monde.<\/p>\n<p>L\u2019\u00e9ducation chr\u00e9tienne sup\u00e9rieure est un \u00e9l\u00e9ment central dans la mission de l&rsquo;\u00c9glise du Nazar\u00e9en. Dans les premi\u00e8res ann\u00e9es de l&rsquo;\u00c9glise du Nazar\u00e9en, les \u00e9tablissements d\u2019\u00e9ducation chr\u00e9tienne sup\u00e9rieure ont \u00e9t\u00e9 organis\u00e9s afin de pr\u00e9parer les hommes et femmes de Dieu pour le service et le leadership chr\u00e9tien dans la propagation mondiale de la renaissance wesleyenne de la saintet\u00e9. Notre engagement continu \u00e0 l\u2019\u00e9ducation chr\u00e9tienne sup\u00e9rieure \u00e0 travers les ann\u00e9es aboutit \u00e0 un r\u00e9seau mondial de s\u00e9minaires, d\u2019instituts bibliques, de coll\u00e8ges et d\u2019universit\u00e9s.<\/p>\n<p>Notre mission de l\u2019\u00e9ducation chr\u00e9tienne sup\u00e9rieure vient directement de ce que signifie \u00eatre le peuple de Dieu. Nous devons aimer Dieu de tout notre \u00a0\u00bb c\u0153ur, \u00e2me et esprit. \u00a0\u00bb Nous sommes par cons\u00e9quent de bons administrateurs dans le d\u00e9veloppement de nos esprits, nos ressources acad\u00e9miques, et l&rsquo;application des connaissances. En ce sens, nous nous engageons \u00e0 la recherche ouverte et honn\u00eate de la connaissance et de la v\u00e9rit\u00e9, avec l&rsquo;int\u00e9grit\u00e9 de notre foi chr\u00e9tienne. L\u2019\u00e9ducation chr\u00e9tienne sup\u00e9rieure est essentielle au d\u00e9veloppement de la gestion de notre esprit. Il est con\u00e7u comme un espace caract\u00e9ris\u00e9 par la discussion et la d\u00e9couverte de la v\u00e9rit\u00e9 et de la connaissance de Dieu et toute la cr\u00e9ation de Dieu.<\/p>\n<p>&nbsp;<\/p>\n<p>Dans la foi chr\u00e9tienne, l\u2019\u00e9ducation sup\u00e9rieure n&rsquo;est pas compartiment\u00e9e, mais merveilleusement int\u00e9gr\u00e9e dans la connaissance comme la foi et l&rsquo;apprentissage sont d\u00e9velopp\u00e9s ensemble. Toute personne se cultive avec tous les domaines de la pens\u00e9e et de la vie compris par rapport \u00e0 la volont\u00e9 et le plan de Dieu. Le caract\u00e8re chr\u00e9tien et l\u2019\u00e9quipement des leaders chr\u00e9tiens pour le service dans l&rsquo;\u00e9glise et dans le monde sont forg\u00e9s dans le cadre de l&rsquo;apprentissage au sujet de Dieu, de l&rsquo;humanit\u00e9 et du monde. Cet engagement de l&rsquo;\u00e9ducation chr\u00e9tienne sup\u00e9rieure \u00e0 la formation int\u00e9grale des personnes est fondamental pour le d\u00e9veloppement des hommes et des femmes chr\u00e9tiennes pour le leadership missionnaire dans l&rsquo;Eglise et dans le monde.<\/p>\n<p>Comme un peuple rachet\u00e9 appel\u00e9 \u00e0 l&rsquo;image de Christ et envoy\u00e9 en tant qu&rsquo;agent de l&rsquo;amour de Dieu dans le monde, nous participons avec Dieu dans l&rsquo;\u0153uvre r\u00e9demptrice de l&rsquo;humanit\u00e9\u00a0; l\u2019\u00e9ducation chr\u00e9tienne sup\u00e9rieure contribue de mani\u00e8re significative \u00e0 notre \u00eatre comme missionnaire chez les personnes offrant un large \u00e9ventail de connaissances et est n\u00e9cessaire pour un service efficace \u00e0 Dieu dans nos diverses vocations. Notre participation fid\u00e8le \u00e0 l&rsquo;\u0153uvre r\u00e9demptrice de Dieu doit susciter des hommes et des femmes de Dieu qui peuvent prendre leur place en tant que leaders de service chr\u00e9tien dans l&rsquo;Eglise et dans le monde.<\/p>\n<p>Le monde dans lequel nous sommes appel\u00e9s \u00e0 servir est de plus en plus connect\u00e9 et plus profond\u00e9ment complexe chaque jour. Comme l\u2019\u0153uvre r\u00e9demptrice de Dieu avance dans les g\u00e9n\u00e9rations pr\u00e9sentes et futures, notre t\u00e9moignage fid\u00e8le de la Souverainet\u00e9 de Christ et notre participation effective avec Dieu dans l\u2019\u00e9dification de l&rsquo;\u00e9glise continuera \u00e0 exiger un engagement vital \u00e0 l\u2019\u00e9ducation chr\u00e9tienne sup\u00e9rieure.<\/p>\n<p>&nbsp;<\/p>\n<h3><strong>CONCLUSION<\/strong><\/h3>\n<p>Au 20e si\u00e8cle, l&rsquo;\u00c9glise du Nazar\u00e9en a pris naissance! PF Bresee et d&rsquo;autres \u00e9taient profond\u00e9ment convaincus que Dieu les avait suscit\u00e9 dans le but d&rsquo;annoncer express\u00e9ment l&rsquo;Evangile de J\u00e9sus-Christ \u00e0 l&rsquo;\u00e9glise et au monde dans la tradition wesleyenne de la saintet\u00e9. Il y a des marques indubitables de la providence de cette d\u00e9nomination. A partir d&rsquo;un mouvement qui a pris naissance, l&rsquo;\u00c9glise du Nazar\u00e9en d\u00e9passe 1,3 millions de membres et exerce son minist\u00e8re dans 135 pays \u00e0 travers le monde.<\/p>\n<p>Au 21<sup>e<\/sup> si\u00e8cle, l&rsquo;avenir de cette d\u00e9nomination n\u2019a \u00e9t\u00e9 plus que jamais meilleur! Beaucoup de gens pensent qu&rsquo;ils se sont soulev\u00e9s, pas pour le 20e si\u00e8cle, mais pour le 21<sup>e<\/sup> si\u00e8cle. Nous sommes en mesure d&rsquo;apporter une contribution significative \u00e0 notre monde postmoderne. Cette d\u00e9claration est bas\u00e9e sur notre patrimoine wesleyenne de la saintet\u00e9 avec son optimisme radical de la gr\u00e2ce. Nous croyons que la nature humaine et, en fin de compte, la soci\u00e9t\u00e9 peut \u00eatre radicalement et d\u00e9finitivement chang\u00e9e par la gr\u00e2ce de Dieu. Nous avons une confiance \u00e9norme en ce message d&rsquo;esp\u00e9rance qui vient du c\u0153ur de notre Dieu saint.<\/p>\n<p>PF Bresee aimait \u00e0 dire, \u00abLe soleil ne se couche jamais le matin. \u00a0\u00bb Il est encore matin dans l&rsquo;\u00c9glise du Nazar\u00e9en, et le soleil ne se couche jamais sur notre d\u00e9nomination dans le monde entier. Nous sommes radicalement optimistes quant \u00e0 un impact sur notre monde du 21\u00e8me si\u00e8cle avec le message de la saintet\u00e9 ! Avec une vision claire, un engagement total et une grande foi, nous consid\u00e9rons que ce nouveau si\u00e8cle est comme notre jour de plus grande opportunit\u00e9 pour faire de toutes les nations des disciples de Christ.<\/p>\n<p>________________________________________<\/p>\n<p>&nbsp;<\/p>\n<p>Toutes les citations bibliques sont tir\u00e9es de la Sainte Bible, Nouvelle Version International (NVI). Tous droits r\u00e9serv\u00e9s \u00a9 1973, 1978, 1984 par la Soci\u00e9t\u00e9 biblique Internationale. Utilis\u00e9 par l&rsquo;autorisation de Zondervan Publishing House. Tous droits r\u00e9serv\u00e9s.<\/div><\/div><\/div><\/div><\/p>\n","protected":false},"excerpt":{"rendered":"<p>Nous Sommes un Peuple Missionnaire A.\u00a0 Notre mission d\u2019adoration La mission de l&rsquo;\u00c9glise dans le monde commence dans l\u2019adoration. C&rsquo;est comme si nous sommes rassembl\u00e9s devant Dieu dans l\u2019adoration &#8211; chantant , \u00e9coutant la lecture publique de la Bible , en donnant la d\u00eeme et les offrandes, priant , \u00e9coutant la Parole de la pr\u00e9dication <a href=\"https:\/\/www.mesonaz.org\/fr\/noun-croyons\/nous-sommes-un-peuple-missionnaire\/\"> <\/a><\/p>\n","protected":false},"author":3,"featured_media":0,"parent":13120,"menu_order":0,"comment_status":"open","ping_status":"closed","template":"","meta":{"footnotes":""},"class_list":["post-13140","page","type-page","status-publish","hentry"],"_links":{"self":[{"href":"https:\/\/www.mesonaz.org\/fr\/wp-json\/wp\/v2\/pages\/13140","targetHints":{"allow":["GET"]}}],"collection":[{"href":"https:\/\/www.mesonaz.org\/fr\/wp-json\/wp\/v2\/pages"}],"about":[{"href":"https:\/\/www.mesonaz.org\/fr\/wp-json\/wp\/v2\/types\/page"}],"author":[{"embeddable":true,"href":"https:\/\/www.mesonaz.org\/fr\/wp-json\/wp\/v2\/users\/3"}],"replies":[{"embeddable":true,"href":"https:\/\/www.mesonaz.org\/fr\/wp-json\/wp\/v2\/comments?post=13140"}],"version-history":[{"count":0,"href":"https:\/\/www.mesonaz.org\/fr\/wp-json\/wp\/v2\/pages\/13140\/revisions"}],"up":[{"embeddable":true,"href":"https:\/\/www.mesonaz.org\/fr\/wp-json\/wp\/v2\/pages\/13120"}],"wp:attachment":[{"href":"https:\/\/www.mesonaz.org\/fr\/wp-json\/wp\/v2\/media?parent=13140"}],"curies":[{"name":"wp","href":"https:\/\/api.w.org\/{rel}","templated":true}]}}