{"id":13136,"date":"2012-11-29T01:28:32","date_gmt":"2012-11-29T07:28:32","guid":{"rendered":"http:\/\/mesoamericaregion.org\/es\/?page_id=13136"},"modified":"2018-04-23T09:59:38","modified_gmt":"2018-04-23T15:59:38","slug":"nous-sommes-un-peuple-saint","status":"publish","type":"page","link":"https:\/\/www.mesonaz.org\/fr\/noun-croyons\/nous-sommes-un-peuple-saint\/","title":{"rendered":"Nous sommes un peuple saint"},"content":{"rendered":"<h1>Nous sommes un peuple saint<\/h1>\n<p>Nous sommes appel\u00e9s par l&rsquo;\u00c9criture et motiv\u00e9s par la gr\u00e2ce pour adorer Dieu et l&rsquo;aimer de tout notre c\u0153ur, \u00e2me, esprit et force, et notre prochain comme nous-m\u00eames. A cet effet, nous nous engageons totalement et compl\u00e8tement \u00e0 Dieu, croyant que nous pouvons \u00eatre \u00a0\u00bb totalement sanctifi\u00e9s, \u00a0\u00bb comme une exp\u00e9rience de seconde crise. Nous croyons que le Saint-Esprit convainc, nettoie, remplis et nous donne aussi de la puissance pendant que la gr\u00e2ce de Dieu nous transforme de jour en jour en un peuple d&rsquo;amour et de discipline spirituelle, de puret\u00e9 \u00e9thique et morale, de compassion et de justice. C&rsquo;est le travail de l&rsquo;Esprit Saint qui nous restaure \u00e0 l&rsquo;image de Dieu et produit en nous le caract\u00e8re de Christ. La saintet\u00e9 dans la vie des croyants est le plus clairement comprise comme la ressemblance \u00e0 Christ.<\/p>\n<p>Nous croyons en Dieu le P\u00e8re, le Cr\u00e9ateur, qui appelle \u00e0 l\u2019existence ce qui n&rsquo;existe pas. Non pas nous-m\u00eames, mais Dieu nous a appel\u00e9s \u00e0 \u00eatre, fait pour lui-m\u00eame, et nous a form\u00e9 \u00e0 son image. Nous avons \u00e9t\u00e9 mandat\u00e9s pour porter l&rsquo;image de Dieu : \u00abJe suis l&rsquo;\u00c9ternel, votre Dieu ; vous vous sanctifierez, et vous serez saints, car je suis saint \u00bb (L\u00e9vitique 11:44 ).<\/p>\n<p>Notre faim pour \u00eatre un peuple saint est enracin\u00e9e dans la saintet\u00e9 de Dieu m\u00eame. La saintet\u00e9 de Dieu se r\u00e9f\u00e8re \u00e0 Sa divinit\u00e9, Son unicit\u00e9 absolue de l&rsquo;\u00eatre. Il n&rsquo;y a personne comme lui dans la gloire et la majest\u00e9. La r\u00e9ponse humaine appropri\u00e9e en pr\u00e9sence d\u2019un \u00eatre glorieux est l\u2019adoration de Dieu en tant que Dieu. La saintet\u00e9 de Dieu est exprim\u00e9e dans ses actes r\u00e9dempteurs de gr\u00e2ce. La rencontre avec le Dieu qui se r\u00e9v\u00e8le et se donne rend possible l&rsquo;adoration, et l&rsquo;adoration devient le moyen principal de le connaitre. Nous adorons le Dieu saint r\u00e9dempteur en aimant ce qu&rsquo;il aime.<\/p>\n<p>Notre adoration du Dieu\u00a0\u00a0 grand et mis\u00e9ricordieux prend de nombreuses formes. Souvent c&rsquo;est la louange et la pri\u00e8re avec la communaut\u00e9 de foi. Elle est \u00e9galement exprim\u00e9e dans des actes de d\u00e9votion priv\u00e9e, d\u2019actions de gr\u00e2ce, de louange et d\u2019ob\u00e9issance. Partager la foi \u00e9vang\u00e9lique, la compassion pour les autres, travailler pour la justice et la droiture morale sont tous des actes d\u2019adoration devant notre Dieu de saintet\u00e9 ardente. M\u00eame les t\u00e2ches courantes de la vie deviennent des actes d\u2019adoration et prennent une signification sacramentelle lorsque l\u2019adoration d&rsquo;un Dieu saint devient notre mode de vie.<\/p>\n<p>J\u00e9sus-Christ a r\u00e9v\u00e9l\u00e9 la Saintet\u00e9 de Dieu et a model\u00e9 la vie sainte de l\u2019adoration pour nous. J\u00e9sus \u00e9claire notre compr\u00e9hension de la saintet\u00e9 \u00e0 travers sa vie, le sacrifice et les enseignements trouv\u00e9s dans les Evangiles, en particulier le Sermon sur la Montagne. En tant que peuple saint nous cherchons \u00e0 \u00eatre comme J\u00e9sus dans chaque attitude et action. Par sa gr\u00e2ce, Dieu permet aux croyants qui l&rsquo;adorent de tout leur c\u0153ur de vivre une vie chr\u00e9tienne. C&rsquo;est ce que nous croyons \u00eatre l&rsquo;essence de la saintet\u00e9.<\/p>\n<p>Dieu nous a donn\u00e9 le don et la responsabilit\u00e9 de choisir. Parce que nous sommes n\u00e9s avec la nature p\u00e9cheresse, nous avons tendance \u00e0 choisir notre propre voie au lieu celle de Dieu (Esa\u00efe 53:6 ). Apr\u00e8s avoir corrompu la cr\u00e9ation de Dieu avec notre p\u00e9ch\u00e9, nous sommes morts par nos offenses et par nos p\u00e9ch\u00e9s (\u00c9ph\u00e9siens 2:01 ). Si nous voulons vivre de nouveau spirituellement Dieu, qui appelle \u00e0 l&rsquo;existence ce qui n&rsquo;existe pas, gracieusement nous devons \u00eatre cr\u00e9es de nouveau \u00e0 travers les actes r\u00e9dempteurs de son propre Fils.<\/p>\n<p>Nous croyons que Dieu est entr\u00e9 dans notre monde exclusivement par l&rsquo;incarnation de son Fils unique, J\u00e9sus de Nazareth, le Dieu &#8211; homme historique. J\u00e9sus est venu pour renouveler l&rsquo;image de Dieu en nous, nous permettre d&rsquo;\u00eatre des personnes saintes. Nous croyons que la saintet\u00e9 dans la vie du croyant est \u00e0 la fois le r\u00e9sultat d\u2019une crise et d\u2019une exp\u00e9rience de toute la vie. Apr\u00e8s la r\u00e9g\u00e9n\u00e9ration, l&rsquo;Esprit du Seigneur nous conduit par la gr\u00e2ce de la cons\u00e9cration totale de notre vie pour lui. Puis, dans l&rsquo;acte divin de l&rsquo;enti\u00e8re sanctification, aussi appel\u00e9 le bapt\u00eame du Saint- Esprit, Il nous purifie du p\u00e9ch\u00e9 originel et habite en nous avec sa sainte pr\u00e9sence. Il nous perfectionne dans l&rsquo;amour, nous permet de vivre dans la droiture morale, et nous forme pour le servir! L&rsquo;Esprit de J\u00e9sus agit en nous pour reproduire en nous le caract\u00e8re de l&rsquo;amour saint. Il nous permet de \u00abrev\u00eatir l&rsquo;homme nouveau, cr\u00e9\u00e9 selon Dieu dans une justice et une saintet\u00e9 que produit la v\u00e9rit\u00e9.\u00bb (Eph\u00e9siens 4:24 ).<\/p>\n<p>Etre comme Dieu, c\u2019est \u00eatre comme J\u00e9sus. Ayant l&rsquo;image de Dieu en nous, restaur\u00e9e par l&rsquo;acte de Dieu de l&rsquo;enti\u00e8re sanctification, nous reconnaissons que nous n&rsquo;avons pas encore arriv\u00e9 spirituellement, notre objectif permanent est d&rsquo;\u00eatre comme Christ dans chaque mot, pens\u00e9e et action. Pour la soumission continue, l&rsquo;ob\u00e9issance et la foi, nous croyons que nous sommes \u00a0\u00bb transform\u00e9s \u00e0 sa ressemblance <div class=\"fusion-fullwidth fullwidth-box fusion-builder-row-1 fusion-flex-container hundred-percent-fullwidth non-hundred-percent-height-scrolling\" style=\"--awb-border-radius-top-left:0px;--awb-border-radius-top-right:0px;--awb-border-radius-bottom-right:0px;--awb-border-radius-bottom-left:0px;--awb-overflow:visible;--awb-flex-wrap:wrap;\" ><div class=\"fusion-builder-row fusion-row fusion-flex-align-items-flex-start fusion-flex-content-wrap\" style=\"width:calc( 100% + 0px ) !important;max-width:calc( 100% + 0px ) !important;margin-left: calc(-0px \/ 2 );margin-right: calc(-0px \/ 2 );\"><div class=\"fusion-layout-column fusion_builder_column fusion-builder-column-0 fusion_builder_column_1_1 1_1 fusion-flex-column fusion-flex-align-self-flex-start fusion-column-no-min-height\" style=\"--awb-bg-size:cover;--awb-width-large:100%;--awb-margin-top-large:0px;--awb-spacing-right-large:0px;--awb-margin-bottom-large:0px;--awb-spacing-left-large:0px;--awb-width-medium:100%;--awb-spacing-right-medium:0px;--awb-spacing-left-medium:0px;--awb-width-small:100%;--awb-spacing-right-small:0px;--awb-spacing-left-small:0px;\"><div class=\"fusion-column-wrapper fusion-flex-justify-content-flex-start fusion-content-layout-column\">[Christ], de gloire en gloire \u00bb (2 Corinthiens 3:18 ). Participons \u00e9galement \u00e0 ce processus, que nous vivons une vie d&rsquo;adoration exprim\u00e9e de nombreuses fa\u00e7ons, y compris embrasser les disciplines spirituelles, la compagnie et la responsabilit\u00e9 de l&rsquo;\u00e9glise locale. Comme un corps de croyants dans une congr\u00e9gation particuli\u00e8re, nous nous effor\u00e7ons d&rsquo;\u00eatre une communaut\u00e9 chr\u00e9tienne, adorant Dieu de tout notre c\u0153ur et recevant leurs dons d\u2019amour, de puissance, de puret\u00e9 et de compassion.<\/p>\n<p>En tant que peuple Saint qui n\u2019existe pas dans un vide historique et eccl\u00e9siastique, nous nous identifions avec le Nouveau Testament et l&rsquo;\u00c9glise primitive. Nos articles de foi nous ont mis clairement dans la tradition du christianisme classique\u00a0; nous nous identifions avec la tradition arminienne de la libre gr\u00e2ce (J\u00e9sus est mort pour tous) et de la libert\u00e9 humaine &#8211; la capacit\u00e9 donn\u00e9e par Dieu pour tous de choisir Dieu et le salut. \u00a0Aussi nous tirons notre patrimoine eccl\u00e9siastique de la renaissance wesleyenne du 18\u00e8me si\u00e8cle et du Mouvement de la saintet\u00e9 des 19e et 20e si\u00e8cles.<\/p>\n<p>A travers les si\u00e8cles, le peuple saint a une \u00a0\u00bb magnifique obsession \u00a0\u00bb avec J\u00e9sus. Nous adorons J\u00e9sus ! Nous aimons J\u00e9sus ! Nous croyons en J\u00e9sus ! Nous parlons de J\u00e9sus ! Nous vivons pour J\u00e9sus ! Telle est l&rsquo;essence et le d\u00e9bordement de la saintet\u00e9 pour nous. C&rsquo;est ce qui caract\u00e9rise le peuple saint.<\/div><\/div><\/div><\/div><\/p>\n","protected":false},"excerpt":{"rendered":"<p>Nous sommes un peuple saint Nous sommes appel\u00e9s par l&rsquo;\u00c9criture et motiv\u00e9s par la gr\u00e2ce pour adorer Dieu et l&rsquo;aimer de tout notre c\u0153ur, \u00e2me, esprit et force, et notre prochain comme nous-m\u00eames. A cet effet, nous nous engageons totalement et compl\u00e8tement \u00e0 Dieu, croyant que nous pouvons \u00eatre \u00a0\u00bb totalement sanctifi\u00e9s, \u00a0\u00bb comme une <a href=\"https:\/\/www.mesonaz.org\/fr\/noun-croyons\/nous-sommes-un-peuple-saint\/\"> <\/a><\/p>\n","protected":false},"author":3,"featured_media":0,"parent":13120,"menu_order":0,"comment_status":"open","ping_status":"closed","template":"","meta":{"footnotes":""},"class_list":["post-13136","page","type-page","status-publish","hentry"],"_links":{"self":[{"href":"https:\/\/www.mesonaz.org\/fr\/wp-json\/wp\/v2\/pages\/13136","targetHints":{"allow":["GET"]}}],"collection":[{"href":"https:\/\/www.mesonaz.org\/fr\/wp-json\/wp\/v2\/pages"}],"about":[{"href":"https:\/\/www.mesonaz.org\/fr\/wp-json\/wp\/v2\/types\/page"}],"author":[{"embeddable":true,"href":"https:\/\/www.mesonaz.org\/fr\/wp-json\/wp\/v2\/users\/3"}],"replies":[{"embeddable":true,"href":"https:\/\/www.mesonaz.org\/fr\/wp-json\/wp\/v2\/comments?post=13136"}],"version-history":[{"count":0,"href":"https:\/\/www.mesonaz.org\/fr\/wp-json\/wp\/v2\/pages\/13136\/revisions"}],"up":[{"embeddable":true,"href":"https:\/\/www.mesonaz.org\/fr\/wp-json\/wp\/v2\/pages\/13120"}],"wp:attachment":[{"href":"https:\/\/www.mesonaz.org\/fr\/wp-json\/wp\/v2\/media?parent=13136"}],"curies":[{"name":"wp","href":"https:\/\/api.w.org\/{rel}","templated":true}]}}