{"id":13130,"date":"2012-11-29T01:16:14","date_gmt":"2012-11-29T07:16:14","guid":{"rendered":"http:\/\/mesoamericaregion.org\/es\/?page_id=13130"},"modified":"2018-04-23T09:58:43","modified_gmt":"2018-04-23T15:58:43","slug":"nous-sommes-un-peuple-chretien","status":"publish","type":"page","link":"https:\/\/www.mesonaz.org\/fr\/noun-croyons\/nous-sommes-un-peuple-chretien\/","title":{"rendered":"Nous sommes un peuple chr\u00e9tien"},"content":{"rendered":"<h1>Nous sommes un peuple chr\u00e9tien<\/h1>\n<p>&nbsp;<\/p>\n<p>Nous nous joignons \u00e0 tous les croyants dans la proclamation du Seigneur J\u00e9sus-Christ. Nous croyons que par l&rsquo;amour divin, Dieu offre \u00e0 tous le pardon des p\u00e9ch\u00e9s et la relation restaur\u00e9e. \u00c9tant r\u00e9concili\u00e9s avec Dieu, nous devons aussi \u00eatre r\u00e9concili\u00e9s les uns avec les autres dans l&rsquo;amour comme nous avons \u00e9t\u00e9 aim\u00e9s par Dieu, pardonnant les uns les autres comme nous avons \u00e9t\u00e9 pardonn\u00e9s par Dieu. Nous croyons que notre vie en commun est d&rsquo;illustrer le caract\u00e8re de Christ. Nous joignons les chr\u00e9tiens du monde entier en affirmant les croyances et les convictions de la foi chr\u00e9tienne trinitaire historique et appr\u00e9cions profond\u00e9ment notre patrimoine dans la tradition wesleyenne de la saintet\u00e9. Nous nous tournons vers les \u00c9critures comme la principale source de la v\u00e9rit\u00e9 spirituelle confirm\u00e9e par la raison, la tradition et l\u2019exp\u00e9rience.<\/p>\n<p>Avec tout le peuple de Dieu nous confessons et louons le Seigneur J\u00e9sus-Christ.<\/p>\n<p>J\u00e9sus-Christ est le Seigneur de l\u2019\u00c9glise qui, comme le Credo des Ap\u00f4tres nous dit, est une, sainte, universelle et apostolique. En J\u00e9sus-Christ et par le Saint-Esprit, Dieu le P\u00e8re offre le pardon des p\u00e9ch\u00e9s et la r\u00e9conciliation \u00e0 tout le monde. Ceux qui r\u00e9pondent \u00e0 l&rsquo;offre de Dieu par la foi deviennent le peuple de Dieu. Apr\u00e8s avoir \u00e9t\u00e9 pardonn\u00e9s et r\u00e9concili\u00e9s dans le Christ, nous pardonnons et sommes r\u00e9concili\u00e9s les uns avec les autres. De cette mani\u00e8re, nous sommes l&rsquo;\u00c9glise du Christ et le corps qui r\u00e9v\u00e8le l&rsquo;unit\u00e9 de ce Corps. En tant que Corps du Christ, nous avons \u00abun seul Seigneur, une seule foi, un seul bapt\u00eame \u00bb. Nous affirmons l&rsquo;unit\u00e9 de l&rsquo;Eglise du Christ et nous nous effor\u00e7ons en toutes choses pour la pr\u00e9server (Eph\u00e9siens 4:05 , 3).<\/p>\n<p>J\u00e9sus-Christ est le Seigneur Saint. Pour cette raison, l&rsquo;\u00c9glise du Christ est non seulement une, mais aussi Sainte. Elle doit \u00eatre sainte dans ses parties et dans sa totalit\u00e9 sainte dans ses membres \u00a0comme elle l\u2019est dans la t\u00eate. L&rsquo;\u00c9glise est \u00e0 la fois sainte et nous sommes appel\u00e9s \u00e0 \u00eatre saints. Elle est sainte parce qu&rsquo;elle est le Corps du Christ qui est devenu pour nous \u00a0la justice et \u00a0la saintet\u00e9. Elle est appel\u00e9e \u00e0 \u00eatre sainte pour Dieu, qui nous a choisis avant la fondation du monde, pour que nous soyons saints et sans d\u00e9faut. Comme le Corps du Christ, notre vie en commun comme une \u00e9glise devrait incarn\u00e9e le caract\u00e8re Saint du Christ qui s&rsquo;est d\u00e9pouill\u00e9, prenant la forme d&rsquo;un esclave. Nous affirmons le caract\u00e8re sacr\u00e9 de l&rsquo;Eglise du Christ, \u00e0 la fois comme un don et comme une vocation.<\/p>\n<p>J\u00e9sus-Christ est le Seigneur de l&rsquo;\u00c9glise. Pour cette raison, l&rsquo;Eglise n&rsquo;est pas seulement une et sainte, mais aussi universelle, y compris tous ceux qui affirment les croyances essentielles de la foi chr\u00e9tienne. Nous affirmons la foi apostolique qui a \u00e9t\u00e9 d\u00e9tenue par tous les chr\u00e9tiens, partout et en tout temps. Nous acceptons le concept de John Wesley de l&rsquo;esprit universel, de sorte que nous soyons en communion avec tous ceux qui affirment le centre vital de l&rsquo;\u00c9criture, et nous exer\u00e7ons la tol\u00e9rance \u00e0 ceux qui sont en d\u00e9saccord avec nous sur des questions qui ne sont pas essentielles au salut.<\/p>\n<p>J\u00e9sus-Christ est le Seigneur des Ecritures. Pour cette raison, l&rsquo;Eglise n&rsquo;est pas seulement une, sainte, universelle et apostolique, \u00a0mais aussi elle est construite sur le fondement des ap\u00f4tres et des proph\u00e8tes, et elle est continuellement d\u00e9di\u00e9e \u00e0 l&rsquo;enseignement des ap\u00f4tres. L&rsquo;Eglise se voit \u00e0 travers les \u00c9critures, qui sont la seule r\u00e8gle de l&rsquo;\u00e9glise, de la foi et de la vie. La seigneurie de J\u00e9sus sur les Ecritures signifie que nous comprenons les \u00c9critures par le t\u00e9moignage du Saint-Esprit, car elles donnent le t\u00e9moignage de J\u00e9sus. Pour confirmer et corriger notre compr\u00e9hension des \u00c9critures, nous honorons et tenons compte des anciennes croyances et d&rsquo;autres voies de la tradition chr\u00e9tienne qui expliquent fid\u00e8lement les \u00c9critures. Nous permettons \u00e9galement que notre compr\u00e9hension des \u00c9critures soit guid\u00e9e par la voix du Saint-Esprit qui nous parle dans la repentance, la foi et la confiance. Enfin, nous testons notre compr\u00e9hension des \u00c9critures en cherchant la rationalit\u00e9 et la coh\u00e9rence de leur t\u00e9moignage de J\u00e9sus-Christ.<\/p>\n<p>Nous sommes particuli\u00e8rement appel\u00e9s \u00e0 t\u00e9moigner de la saintet\u00e9 de l&rsquo;Eglise du Christ, d\u00e9j\u00e0 nous acceptons la tradition wesleyenne de la saintet\u00e9. Nous affirmons les principes du salut par la gr\u00e2ce au moyen de la foi en J\u00e9sus-Christ, notre Sauveur. Ainsi, nous continuons \u00e0 affirmer que l&rsquo;\u00c9glise du Christ est une, universelle et apostolique. Mais notre vocation sp\u00e9ciale est d\u2019effectuer devant les yeux du monde et l\u2019\u00c9glise la place centrale de la saintet\u00e9 et d\u2019encourager le peuple de Dieu \u00e0 vivre dans la pl\u00e9nitude de l&rsquo;amour saint du P\u00e8re. Par cons\u00e9quent, nous affirmons la compr\u00e9hension wesleyenne de la saintet\u00e9 de la foi chr\u00e9tienne et cherchons \u00e0 \u00eatre fid\u00e8les \u00e0 ses enseignements principaux : la gr\u00e2ce pr\u00e9venante de Dieu et les moyens de la gr\u00e2ce, la repentance, la foi, la nouvelle naissance, la justification, l&rsquo;assurance, la communaut\u00e9 chr\u00e9tienne et de ses disciplines, et la perfection de l\u2019amour.<\/p>\n","protected":false},"excerpt":{"rendered":"<p>Nous sommes un peuple chr\u00e9tien &nbsp; Nous nous joignons \u00e0 tous les croyants dans la proclamation du Seigneur J\u00e9sus-Christ. Nous croyons que par l&rsquo;amour divin, Dieu offre \u00e0 tous le pardon des p\u00e9ch\u00e9s et la relation restaur\u00e9e. \u00c9tant r\u00e9concili\u00e9s avec Dieu, nous devons aussi \u00eatre r\u00e9concili\u00e9s les uns avec les autres dans l&rsquo;amour comme nous <a href=\"https:\/\/www.mesonaz.org\/fr\/noun-croyons\/nous-sommes-un-peuple-chretien\/\"> <\/a><\/p>\n","protected":false},"author":3,"featured_media":0,"parent":13120,"menu_order":0,"comment_status":"open","ping_status":"closed","template":"","meta":{"footnotes":""},"class_list":["post-13130","page","type-page","status-publish","hentry"],"_links":{"self":[{"href":"https:\/\/www.mesonaz.org\/fr\/wp-json\/wp\/v2\/pages\/13130","targetHints":{"allow":["GET"]}}],"collection":[{"href":"https:\/\/www.mesonaz.org\/fr\/wp-json\/wp\/v2\/pages"}],"about":[{"href":"https:\/\/www.mesonaz.org\/fr\/wp-json\/wp\/v2\/types\/page"}],"author":[{"embeddable":true,"href":"https:\/\/www.mesonaz.org\/fr\/wp-json\/wp\/v2\/users\/3"}],"replies":[{"embeddable":true,"href":"https:\/\/www.mesonaz.org\/fr\/wp-json\/wp\/v2\/comments?post=13130"}],"version-history":[{"count":0,"href":"https:\/\/www.mesonaz.org\/fr\/wp-json\/wp\/v2\/pages\/13130\/revisions"}],"up":[{"embeddable":true,"href":"https:\/\/www.mesonaz.org\/fr\/wp-json\/wp\/v2\/pages\/13120"}],"wp:attachment":[{"href":"https:\/\/www.mesonaz.org\/fr\/wp-json\/wp\/v2\/media?parent=13130"}],"curies":[{"name":"wp","href":"https:\/\/api.w.org\/{rel}","templated":true}]}}