{"id":13120,"date":"2012-09-28T16:58:36","date_gmt":"2012-09-28T22:58:36","guid":{"rendered":"http:\/\/mesoamericaregion.org\/es\/?page_id=13120"},"modified":"2018-04-23T09:58:49","modified_gmt":"2018-04-23T15:58:49","slug":"noun-croyons","status":"publish","type":"page","link":"https:\/\/www.mesonaz.org\/fr\/noun-croyons\/","title":{"rendered":"Noun Croyons"},"content":{"rendered":"<h1>NOUS CROYONS<\/h1>\n<p>&nbsp;<\/p>\n<p>En un seul Dieu &#8211; le P\u00e8re, le Fils et le Saint-Esprit.<\/p>\n<p>Que les \u00c9critures de l&rsquo;Ancien et du Nouveau Testament, donn\u00e9es par l&rsquo;inspiration pl\u00e9ni\u00e8re, contiennent toute la v\u00e9rit\u00e9 n\u00e9cessaire \u00e0 la foi et la vie chr\u00e9tienne.<\/p>\n<p>Que l&rsquo;homme est n\u00e9 avec une nature d\u00e9chue et, par cons\u00e9quent, inclin\u00e9e au mal, et cela continuellement.<\/p>\n<p>Que ceux qui restent imp\u00e9nitents \u00e0 la fin sont sans espoir et perdus \u00e0 jamais.<\/p>\n<p>Que l&rsquo;expiation par J\u00e9sus-Christ est pour toute la race humaine, et que quiconque se repent et croit au Seigneur J\u00e9sus- Christ est justifi\u00e9 et r\u00e9g\u00e9n\u00e9r\u00e9 et sauv\u00e9 de la domination du p\u00e9ch\u00e9.<\/p>\n<p>Que les croyants doivent \u00eatre totalement sanctifi\u00e9s, apr\u00e8s la r\u00e9g\u00e9n\u00e9ration, par la foi dans le Seigneur J\u00e9sus-Christ.<\/p>\n<p>Que le Saint-Esprit t\u00e9moigne de la nouvelle naissance et l&rsquo;enti\u00e8re sanctification des croyants.<\/p>\n<p>Que notre Seigneur reviendra, les morts ressusciteront et apr\u00e8s viendra le jugement final.<\/p>\n<p>\u00c9glise du Nazar\u00e9en. Manuel 2001-2005. Kansas City, Mo. CNP. Article 26. Page 35<\/p>\n","protected":false},"excerpt":{"rendered":"<p>NOUS CROYONS &nbsp; En un seul Dieu &#8211; le P\u00e8re, le Fils et le Saint-Esprit. Que les \u00c9critures de l&rsquo;Ancien et du Nouveau Testament, donn\u00e9es par l&rsquo;inspiration pl\u00e9ni\u00e8re, contiennent toute la v\u00e9rit\u00e9 n\u00e9cessaire \u00e0 la foi et la vie chr\u00e9tienne. Que l&rsquo;homme est n\u00e9 avec une nature d\u00e9chue et, par cons\u00e9quent, inclin\u00e9e au mal, et <a href=\"https:\/\/www.mesonaz.org\/fr\/noun-croyons\/\"> <\/a><\/p>\n","protected":false},"author":3,"featured_media":0,"parent":0,"menu_order":0,"comment_status":"open","ping_status":"closed","template":"","meta":{"footnotes":""},"class_list":["post-13120","page","type-page","status-publish","hentry"],"_links":{"self":[{"href":"https:\/\/www.mesonaz.org\/fr\/wp-json\/wp\/v2\/pages\/13120","targetHints":{"allow":["GET"]}}],"collection":[{"href":"https:\/\/www.mesonaz.org\/fr\/wp-json\/wp\/v2\/pages"}],"about":[{"href":"https:\/\/www.mesonaz.org\/fr\/wp-json\/wp\/v2\/types\/page"}],"author":[{"embeddable":true,"href":"https:\/\/www.mesonaz.org\/fr\/wp-json\/wp\/v2\/users\/3"}],"replies":[{"embeddable":true,"href":"https:\/\/www.mesonaz.org\/fr\/wp-json\/wp\/v2\/comments?post=13120"}],"version-history":[{"count":0,"href":"https:\/\/www.mesonaz.org\/fr\/wp-json\/wp\/v2\/pages\/13120\/revisions"}],"wp:attachment":[{"href":"https:\/\/www.mesonaz.org\/fr\/wp-json\/wp\/v2\/media?parent=13120"}],"curies":[{"name":"wp","href":"https:\/\/api.w.org\/{rel}","templated":true}]}}