{"id":12815,"date":"2013-09-16T12:10:24","date_gmt":"2013-09-16T18:10:24","guid":{"rendered":"http:\/\/mesoamericaregion.org\/?page_id=12815"},"modified":"2021-02-23T18:05:46","modified_gmt":"2021-02-24T00:05:46","slug":"telechargements","status":"publish","type":"page","link":"https:\/\/www.mesonaz.org\/fr\/telechargements\/","title":{"rendered":"t\u00e9l\u00e9chargements"},"content":{"rendered":"<div class=\"fusion-fullwidth fullwidth-box fusion-builder-row-1 fusion-flex-container hundred-percent-fullwidth non-hundred-percent-height-scrolling\" style=\"--awb-border-radius-top-left:0px;--awb-border-radius-top-right:0px;--awb-border-radius-bottom-right:0px;--awb-border-radius-bottom-left:0px;--awb-overflow:visible;--awb-flex-wrap:wrap;\" ><div class=\"fusion-builder-row fusion-row fusion-flex-align-items-flex-start fusion-flex-content-wrap\" style=\"width:calc( 100% + 0px ) !important;max-width:calc( 100% + 0px ) !important;margin-left: calc(-0px \/ 2 );margin-right: calc(-0px \/ 2 );\"><div class=\"fusion-layout-column fusion_builder_column fusion-builder-column-0 fusion_builder_column_1_1 1_1 fusion-flex-column fusion-flex-align-self-flex-start fusion-column-no-min-height\" style=\"--awb-bg-size:cover;--awb-width-large:100%;--awb-margin-top-large:0px;--awb-spacing-right-large:0px;--awb-margin-bottom-large:0px;--awb-spacing-left-large:0px;--awb-width-medium:100%;--awb-spacing-right-medium:0px;--awb-spacing-left-medium:0px;--awb-width-small:100%;--awb-spacing-right-small:0px;--awb-spacing-left-small:0px;\"><div class=\"fusion-column-wrapper fusion-flex-justify-content-flex-start fusion-content-layout-column\"><div class=\"fusion-text fusion-text-1\"><div class=\"w3eden\">\n\n    <div class=\"card wpdmap-header-card\">\n        <div class=\"card-body\">\n            <form id=\"srcp\" style=\"margin-bottom: 10px\">\n    <div class=\"row\">\n        <input type=\"hidden\" name=\"category\" id=\"initc\" value=\"0\" \/>\n        <div class=\"col-md-3\">\n            <label for=\"src\">Search:<\/label>\n            <div class=\"input-group input-src\">\n                <input type=\"text\" class=\"form-control\" name=\"src\" placeholder=\"Search\" id=\"src\">\n                <div class=\"input-group-append input-group-btn\">\n                    <button class=\"btn\" type=\"submit\"><i class=\"fas fa-search\"><\/i><\/button>\n                <\/div>\n            <\/div>\n        <\/div>\n\n        <div class='col-md-3'>\n            <label for=\"wpdm-cats-compact\">Category:<\/label>\n            <select  name='wpdm-cats-compact' id='wpdm-cats-compact' class='form-control wpdm-custom-select'>\n\t<option value='-1'>Select category<\/option>\n\t<option class=\"level-0\" value=\"4476\">D\u00e9veloppement int\u00e9gr\u00e9 de l&rsquo;enfant<\/option>\n\t<option class=\"level-0\" value=\"4468\">Jour 07<\/option>\n\t<option class=\"level-0\" value=\"3204\">T\u00e9l\u00e9charger<\/option>\n\t<option class=\"level-1\" value=\"3856\">&nbsp;&nbsp;&nbsp;COVID-19<\/option>\n\t<option class=\"level-1\" value=\"1073\">&nbsp;&nbsp;&nbsp;Discipolat Nazar\u00e9en International (DNI)<\/option>\n\t<option class=\"level-2\" value=\"4343\">&nbsp;&nbsp;&nbsp;&nbsp;&nbsp;&nbsp;&#8211; Un Parcours de Gr\u00e2ce &#8211; le discipulat<\/option>\n\t<option class=\"level-3\" value=\"4344\">&nbsp;&nbsp;&nbsp;&nbsp;&nbsp;&nbsp;&nbsp;&nbsp;&nbsp;1. Un Parcours de Gr\u00e2ce &#8211; la gr\u00e2ce pr\u00e9venante (\u00c9vang\u00e9lisme)<\/option>\n\t<option class=\"level-4\" value=\"4345\">&nbsp;&nbsp;&nbsp;&nbsp;&nbsp;&nbsp;&nbsp;&nbsp;&nbsp;&nbsp;&nbsp;&nbsp;La gr\u00e2ce pr\u00e9venante &#8211; Pour adultes<\/option>\n\t<option class=\"level-4\" value=\"4347\">&nbsp;&nbsp;&nbsp;&nbsp;&nbsp;&nbsp;&nbsp;&nbsp;&nbsp;&nbsp;&nbsp;&nbsp;La gr\u00e2ce pr\u00e9venante &#8211; Pour enfants<\/option>\n\t<option class=\"level-4\" value=\"4346\">&nbsp;&nbsp;&nbsp;&nbsp;&nbsp;&nbsp;&nbsp;&nbsp;&nbsp;&nbsp;&nbsp;&nbsp;La gr\u00e2ce pr\u00e9venante &#8211; Pour jeunes<\/option>\n\t<option class=\"level-3\" value=\"4348\">&nbsp;&nbsp;&nbsp;&nbsp;&nbsp;&nbsp;&nbsp;&nbsp;&nbsp;2. Un Parcours de Gr\u00e2ce &#8211; la gr\u00e2ce salvatrice (un nouveau chr\u00e9tien)<\/option>\n\t<option class=\"level-4\" value=\"4349\">&nbsp;&nbsp;&nbsp;&nbsp;&nbsp;&nbsp;&nbsp;&nbsp;&nbsp;&nbsp;&nbsp;&nbsp;A. La gr\u00e2ce salvatrice (De la conversion au Bapt\u00eame)<\/option>\n\t<option class=\"level-5\" value=\"4350\">&nbsp;&nbsp;&nbsp;&nbsp;&nbsp;&nbsp;&nbsp;&nbsp;&nbsp;&nbsp;&nbsp;&nbsp;&nbsp;&nbsp;&nbsp;La gr\u00e2ce salvatrice (De la Conversion au Bapt\u00eame) pour adultes<\/option>\n\t<option class=\"level-5\" value=\"4352\">&nbsp;&nbsp;&nbsp;&nbsp;&nbsp;&nbsp;&nbsp;&nbsp;&nbsp;&nbsp;&nbsp;&nbsp;&nbsp;&nbsp;&nbsp;La gr\u00e2ce salvatrice (De la Conversion au Bapt\u00eame) pour enfants<\/option>\n\t<option class=\"level-5\" value=\"4351\">&nbsp;&nbsp;&nbsp;&nbsp;&nbsp;&nbsp;&nbsp;&nbsp;&nbsp;&nbsp;&nbsp;&nbsp;&nbsp;&nbsp;&nbsp;La gr\u00e2ce salvatrice (De la conversion au bapt\u00eame) pour jeunes<\/option>\n\t<option class=\"level-4\" value=\"4353\">&nbsp;&nbsp;&nbsp;&nbsp;&nbsp;&nbsp;&nbsp;&nbsp;&nbsp;&nbsp;&nbsp;&nbsp;B. La gr\u00e2ce salvatrice (Du bapt\u00eame \u00e0 l&rsquo;adh\u00e9sion)<\/option>\n\t<option class=\"level-5\" value=\"4354\">&nbsp;&nbsp;&nbsp;&nbsp;&nbsp;&nbsp;&nbsp;&nbsp;&nbsp;&nbsp;&nbsp;&nbsp;&nbsp;&nbsp;&nbsp;La gr\u00e2ce salvatrice (Du bapt\u00eame \u00e0 l&rsquo;adh\u00e9sion) pour adultes<\/option>\n\t<option class=\"level-5\" value=\"4356\">&nbsp;&nbsp;&nbsp;&nbsp;&nbsp;&nbsp;&nbsp;&nbsp;&nbsp;&nbsp;&nbsp;&nbsp;&nbsp;&nbsp;&nbsp;La gr\u00e2ce salvatrice (Du bapt\u00eame \u00e0 l&rsquo;adh\u00e9sion) pour enfants<\/option>\n\t<option class=\"level-5\" value=\"4355\">&nbsp;&nbsp;&nbsp;&nbsp;&nbsp;&nbsp;&nbsp;&nbsp;&nbsp;&nbsp;&nbsp;&nbsp;&nbsp;&nbsp;&nbsp;La gr\u00e2ce salvatrice (Du bapt\u00eame \u00e0 l&rsquo;adh\u00e9sion) pour jeunes<\/option>\n\t<option class=\"level-3\" value=\"4357\">&nbsp;&nbsp;&nbsp;&nbsp;&nbsp;&nbsp;&nbsp;&nbsp;&nbsp;3. Un Parcours de Gr\u00e2ce &#8211; la gr\u00e2ce sanctifiante (chr\u00e9tien mature)<\/option>\n\t<option class=\"level-4\" value=\"4358\">&nbsp;&nbsp;&nbsp;&nbsp;&nbsp;&nbsp;&nbsp;&nbsp;&nbsp;&nbsp;&nbsp;&nbsp;A. La gr\u00e2ce sanctifiante (De l&rsquo;adh\u00e9sion \u00e0 l&rsquo;enti\u00e8re sanctification et engagement au service et au minist\u00e8re)<\/option>\n\t<option class=\"level-5\" value=\"4359\">&nbsp;&nbsp;&nbsp;&nbsp;&nbsp;&nbsp;&nbsp;&nbsp;&nbsp;&nbsp;&nbsp;&nbsp;&nbsp;&nbsp;&nbsp;La gr\u00e2ce sanctifiante (De l&rsquo;adh\u00e9sion \u00e0 l&rsquo;enti\u00e8re sanctification et engagement au service et au minist\u00e8re) pour adultes<\/option>\n\t<option class=\"level-5\" value=\"4361\">&nbsp;&nbsp;&nbsp;&nbsp;&nbsp;&nbsp;&nbsp;&nbsp;&nbsp;&nbsp;&nbsp;&nbsp;&nbsp;&nbsp;&nbsp;La gr\u00e2ce sanctifiante (De l&rsquo;adh\u00e9sion \u00e0 l&rsquo;enti\u00e8re sanctification et engagement au service et au minist\u00e8re) pour enfants<\/option>\n\t<option class=\"level-5\" value=\"4360\">&nbsp;&nbsp;&nbsp;&nbsp;&nbsp;&nbsp;&nbsp;&nbsp;&nbsp;&nbsp;&nbsp;&nbsp;&nbsp;&nbsp;&nbsp;La gr\u00e2ce sanctifiante (De l&rsquo;adh\u00e9sion \u00e0 l&rsquo;enti\u00e8re sanctification et engagement au service et au minist\u00e8re) pour jeunes<\/option>\n\t<option class=\"level-4\" value=\"4362\">&nbsp;&nbsp;&nbsp;&nbsp;&nbsp;&nbsp;&nbsp;&nbsp;&nbsp;&nbsp;&nbsp;&nbsp;B. La gr\u00e2ce sanctifiante (D\u00e9veloppement Minist\u00e9riel)<\/option>\n\t<option class=\"level-4\" value=\"4363\">&nbsp;&nbsp;&nbsp;&nbsp;&nbsp;&nbsp;&nbsp;&nbsp;&nbsp;&nbsp;&nbsp;&nbsp;C. La gr\u00e2ce sanctifiante (\u00c9ducation pour la Vie et le Service)<\/option>\n\t<option class=\"level-2\" value=\"4764\">&nbsp;&nbsp;&nbsp;&nbsp;&nbsp;&nbsp;Dossier de ressources des DNI &#8211; 2024<\/option>\n\t<option class=\"level-3\" value=\"4765\">&nbsp;&nbsp;&nbsp;&nbsp;&nbsp;&nbsp;&nbsp;&nbsp;&nbsp;Ministe\u0300res des enfants &#8211; 2024<\/option>\n\t<option class=\"level-3\" value=\"4766\">&nbsp;&nbsp;&nbsp;&nbsp;&nbsp;&nbsp;&nbsp;&nbsp;&nbsp;Ministe\u0300res pour adultes &#8211; 2024<\/option>\n\t<option class=\"level-3\" value=\"4763\">&nbsp;&nbsp;&nbsp;&nbsp;&nbsp;&nbsp;&nbsp;&nbsp;&nbsp;Organisation DNI &#8211; 2024<\/option>\n\t<option class=\"level-3\" value=\"4767\">&nbsp;&nbsp;&nbsp;&nbsp;&nbsp;&nbsp;&nbsp;&nbsp;&nbsp;Un Parcours de Gra\u0302ce &#8211; 2024<\/option>\n\t<option class=\"level-2\" value=\"2052\">&nbsp;&nbsp;&nbsp;&nbsp;&nbsp;&nbsp;L&rsquo;\u00e9cole du dimanche, Etudes bibliques, Petits groupes<\/option>\n\t<option class=\"level-2\" value=\"4382\">&nbsp;&nbsp;&nbsp;&nbsp;&nbsp;&nbsp;Leadership<\/option>\n\t<option class=\"level-2\" value=\"2892\">&nbsp;&nbsp;&nbsp;&nbsp;&nbsp;&nbsp;Plan ABCDE<\/option>\n\t<option class=\"level-2\" value=\"3309\">&nbsp;&nbsp;&nbsp;&nbsp;&nbsp;&nbsp;Resous disip &#8211; 2019<\/option>\n\t<option class=\"level-2\" value=\"4768\">&nbsp;&nbsp;&nbsp;&nbsp;&nbsp;&nbsp;Resous disip &#8211; Creole 2023<\/option>\n\t<option class=\"level-3\" value=\"4769\">&nbsp;&nbsp;&nbsp;&nbsp;&nbsp;&nbsp;&nbsp;&nbsp;&nbsp;Ministe\u0300 pou granmoun &#8211; 2023<\/option>\n\t<option class=\"level-3\" value=\"4770\">&nbsp;&nbsp;&nbsp;&nbsp;&nbsp;&nbsp;&nbsp;&nbsp;&nbsp;Ministe\u0300 pou timoun yo &#8211; 2023<\/option>\n\t<option class=\"level-3\" value=\"4771\">&nbsp;&nbsp;&nbsp;&nbsp;&nbsp;&nbsp;&nbsp;&nbsp;&nbsp;Pou oganize DNI &#8211; 2023<\/option>\n\t<option class=\"level-3\" value=\"4772\">&nbsp;&nbsp;&nbsp;&nbsp;&nbsp;&nbsp;&nbsp;&nbsp;&nbsp;Un Parcours de Gra\u0302ce Creole &#8211; 2023<\/option>\n\t<option class=\"level-2\" value=\"4567\">&nbsp;&nbsp;&nbsp;&nbsp;&nbsp;&nbsp;Resous disip &#8211; Creole, French 2022<\/option>\n\t<option class=\"level-3\" value=\"4569\">&nbsp;&nbsp;&nbsp;&nbsp;&nbsp;&nbsp;&nbsp;&nbsp;&nbsp;Ministe\u0300 pou granmoun &#8211; 2022<\/option>\n\t<option class=\"level-3\" value=\"4568\">&nbsp;&nbsp;&nbsp;&nbsp;&nbsp;&nbsp;&nbsp;&nbsp;&nbsp;Ministe\u0300 pou timoun yo &#8211; 2022<\/option>\n\t<option class=\"level-3\" value=\"4570\">&nbsp;&nbsp;&nbsp;&nbsp;&nbsp;&nbsp;&nbsp;&nbsp;&nbsp;Pou oganize DNI &#8211; 2022<\/option>\n\t<option class=\"level-2\" value=\"2049\">&nbsp;&nbsp;&nbsp;&nbsp;&nbsp;&nbsp;Ressources pour les Adultes<\/option>\n\t<option class=\"level-3\" value=\"2053\">&nbsp;&nbsp;&nbsp;&nbsp;&nbsp;&nbsp;&nbsp;&nbsp;&nbsp;Le\u00e7ons pour adultes<\/option>\n\t<option class=\"level-2\" value=\"2051\">&nbsp;&nbsp;&nbsp;&nbsp;&nbsp;&nbsp;Ressources pour les Enfants<\/option>\n\t<option class=\"level-3\" value=\"4649\">&nbsp;&nbsp;&nbsp;&nbsp;&nbsp;&nbsp;&nbsp;&nbsp;&nbsp;EBV\/LBV<\/option>\n\t<option class=\"level-3\" value=\"4148\">&nbsp;&nbsp;&nbsp;&nbsp;&nbsp;&nbsp;&nbsp;&nbsp;&nbsp;Le Concours Biblique pour enfants<\/option>\n\t<option class=\"level-3\" value=\"4145\">&nbsp;&nbsp;&nbsp;&nbsp;&nbsp;&nbsp;&nbsp;&nbsp;&nbsp;Le\u00e7ons pour Enfants<\/option>\n\t<option class=\"level-2\" value=\"2065\">&nbsp;&nbsp;&nbsp;&nbsp;&nbsp;&nbsp;Ressources pour les formateurs de disciples<\/option>\n\t<option class=\"level-2\" value=\"2050\">&nbsp;&nbsp;&nbsp;&nbsp;&nbsp;&nbsp;Ressources pour les jeunes<\/option>\n\t<option class=\"level-3\" value=\"2066\">&nbsp;&nbsp;&nbsp;&nbsp;&nbsp;&nbsp;&nbsp;&nbsp;&nbsp;JEU CONCOURS BIBLIQUE POUR LA JEUNESSE<\/option>\n\t<option class=\"level-3\" value=\"4144\">&nbsp;&nbsp;&nbsp;&nbsp;&nbsp;&nbsp;&nbsp;&nbsp;&nbsp;Le\u00e7ons pour Jeunes<\/option>\n\t<option class=\"level-2\" value=\"2056\">&nbsp;&nbsp;&nbsp;&nbsp;&nbsp;&nbsp;Ressources pour les Minist\u00e8res de DNI<\/option>\n\t<option class=\"level-3\" value=\"2057\">&nbsp;&nbsp;&nbsp;&nbsp;&nbsp;&nbsp;&nbsp;&nbsp;&nbsp;Minist\u00e8res de la femme<\/option>\n\t<option class=\"level-3\" value=\"2059\">&nbsp;&nbsp;&nbsp;&nbsp;&nbsp;&nbsp;&nbsp;&nbsp;&nbsp;Minist\u00e8res de mariage et la famille<\/option>\n\t<option class=\"level-3\" value=\"2058\">&nbsp;&nbsp;&nbsp;&nbsp;&nbsp;&nbsp;&nbsp;&nbsp;&nbsp;Minist\u00e8res des hommes<\/option>\n\t<option class=\"level-2\" value=\"4602\">&nbsp;&nbsp;&nbsp;&nbsp;&nbsp;&nbsp;videos<\/option>\n\t<option class=\"level-1\" value=\"4872\">&nbsp;&nbsp;&nbsp;L&rsquo;Avent<\/option>\n\t<option class=\"level-1\" value=\"4841\">&nbsp;&nbsp;&nbsp;Manuel<\/option>\n\t<option class=\"level-1\" value=\"4288\">&nbsp;&nbsp;&nbsp;Mentorat<\/option>\n\t<option class=\"level-2\" value=\"4837\">&nbsp;&nbsp;&nbsp;&nbsp;&nbsp;&nbsp;3\/session 4<\/option>\n\t<option class=\"level-2\" value=\"4289\">&nbsp;&nbsp;&nbsp;&nbsp;&nbsp;&nbsp;Jour 03<\/option>\n\t<option class=\"level-2\" value=\"4330\">&nbsp;&nbsp;&nbsp;&nbsp;&nbsp;&nbsp;Jour 04<\/option>\n\t<option class=\"level-2\" value=\"4429\">&nbsp;&nbsp;&nbsp;&nbsp;&nbsp;&nbsp;Jour 05<\/option>\n\t<option class=\"level-2\" value=\"4460\">&nbsp;&nbsp;&nbsp;&nbsp;&nbsp;&nbsp;Jour 06<\/option>\n\t<option class=\"level-2\" value=\"4482\">&nbsp;&nbsp;&nbsp;&nbsp;&nbsp;&nbsp;Jour 08<\/option>\n\t<option class=\"level-2\" value=\"4495\">&nbsp;&nbsp;&nbsp;&nbsp;&nbsp;&nbsp;Jour 09<\/option>\n\t<option class=\"level-2\" value=\"4506\">&nbsp;&nbsp;&nbsp;&nbsp;&nbsp;&nbsp;Jour 10<\/option>\n\t<option class=\"level-2\" value=\"4553\">&nbsp;&nbsp;&nbsp;&nbsp;&nbsp;&nbsp;Jour 11<\/option>\n\t<option class=\"level-2\" value=\"4563\">&nbsp;&nbsp;&nbsp;&nbsp;&nbsp;&nbsp;Jour 12<\/option>\n\t<option class=\"level-2\" value=\"4808\">&nbsp;&nbsp;&nbsp;&nbsp;&nbsp;&nbsp;Jour 3\/2<\/option>\n\t<option class=\"level-2\" value=\"4882\">&nbsp;&nbsp;&nbsp;&nbsp;&nbsp;&nbsp;Jour 5\/3<\/option>\n\t<option class=\"level-1\" value=\"4237\">&nbsp;&nbsp;&nbsp;NMI<\/option>\n\t<option class=\"level-2\" value=\"4625\">&nbsp;&nbsp;&nbsp;&nbsp;&nbsp;&nbsp;40 jours de pri\u00e8re avant la Pentec\u00f4te &#8211; 2022<\/option>\n\t<option class=\"level-2\" value=\"4804\">&nbsp;&nbsp;&nbsp;&nbsp;&nbsp;&nbsp;40 jours de pri\u00e8re avant la Pentec\u00f4te &#8211; 2024<\/option>\n\t<option class=\"level-2\" value=\"4621\">&nbsp;&nbsp;&nbsp;&nbsp;&nbsp;&nbsp;Fonds pour l\u2019\u00c9vang\u00e9lisation Mondiale (FEM)<\/option>\n\t<option class=\"level-2\" value=\"4622\">&nbsp;&nbsp;&nbsp;&nbsp;&nbsp;&nbsp;Offrande de P\u00e2ques<\/option>\n\t<option class=\"level-2\" value=\"4236\">&nbsp;&nbsp;&nbsp;&nbsp;&nbsp;&nbsp;SEMAINE MONDIALE DE PRIE\u0300RE &#8211; 2021<\/option>\n<\/select>\n        <\/div>\n\n        <div class=\"col-md-3\">\n            <label for=\"orderby\">Order By:<\/label>\n                <select name=\"orderby\" id=\"orderby\" class=\"form-control wpdm-custom-select\">\n                    <option value=\"date\" >Publish Date<\/option>\n                    <option value=\"title\" >Title<\/option>\n                    <option value=\"modified\" >Last Updated<\/option>\n                    <option value=\"view_count\" >View Count<\/option>\n                    <option value=\"download_count\" >Download Count<\/option>\n                    <option value=\"package_size_b\" >Package Size<\/option>\n            <\/select>\n            <\/div>\n        <div class=\"col-md-3\">\n            <label for=\"order\">Order:<\/label>\n            <select name=\"order\" id=\"order\" class=\"form-control wpdm-custom-select\">\n                <option value=\"DESC\">Descending Order<\/option>\n                <option value=\"ASC\" >Ascending Order<\/option>\n            <\/select>\n        <\/div>\n\n    <\/div>\n<\/form>\n        <\/div>\n        <div class=\"card-footer\">\n            <div class=\"row\">\n    <div class=\"col-md-12\">\n        <div class=\"breadcrumbx\">\n            <span><a href=\"#\" id=\"wpdm-archive-page-home\">Home<\/a><span class=\"bcsep\"><\/span><\/span>\n            <span id=\"inp\">All Downloads<\/span>\n        <\/div>\n    <\/div>\n<\/div>        <\/div>\n    <\/div>\n\n\n    <div class='wpdm-downloads' id='wpdm-downloads'>\n\n    <div class=\"card\">\n        <div class=\"card-body text-center p-5\">\n            Select category or search        <\/div>\n    <\/div>\n\n<\/div>\n\n<\/div>\n<script>\n    var wpdmap_params = 'cEtz8ASNEoP1Yq1qFYZcqG2aWt2yKFL0YLgom62LKiyAxiDhJGkDusoqQA8jzXUOTEMgXGLzWfw4_N69yD9vjgiVPYYd4JHqjXMSruO1kMGDgz7eB-7WOVu2_itV-j-ELoOH-rkODl-oEhoGwNTcWF35yrdWAKMXTDph5sJ-V4zph_bSfz1_hOXHQ1NUOwAxnBXjzXJl0GH7TlmSS-nc2-FEhzAO7R_op_3dXN-wsdF7bAeU_TmdnO6sc0OR6HVSl4bShynaxfaGaSDyxgTzjQ';\n<\/script>\n\n<\/div><\/div><\/div><\/div><\/div>\n","protected":false},"excerpt":{"rendered":"","protected":false},"author":3,"featured_media":0,"parent":0,"menu_order":0,"comment_status":"open","ping_status":"open","template":"","meta":{"footnotes":""},"class_list":["post-12815","page","type-page","status-publish","hentry"],"_links":{"self":[{"href":"https:\/\/www.mesonaz.org\/fr\/wp-json\/wp\/v2\/pages\/12815","targetHints":{"allow":["GET"]}}],"collection":[{"href":"https:\/\/www.mesonaz.org\/fr\/wp-json\/wp\/v2\/pages"}],"about":[{"href":"https:\/\/www.mesonaz.org\/fr\/wp-json\/wp\/v2\/types\/page"}],"author":[{"embeddable":true,"href":"https:\/\/www.mesonaz.org\/fr\/wp-json\/wp\/v2\/users\/3"}],"replies":[{"embeddable":true,"href":"https:\/\/www.mesonaz.org\/fr\/wp-json\/wp\/v2\/comments?post=12815"}],"version-history":[{"count":0,"href":"https:\/\/www.mesonaz.org\/fr\/wp-json\/wp\/v2\/pages\/12815\/revisions"}],"wp:attachment":[{"href":"https:\/\/www.mesonaz.org\/fr\/wp-json\/wp\/v2\/media?parent=12815"}],"curies":[{"name":"wp","href":"https:\/\/api.w.org\/{rel}","templated":true}]}}