{"id":10149,"date":"2012-09-28T17:33:34","date_gmt":"2012-09-28T23:33:34","guid":{"rendered":"https:\/\/www.mesonaz.org\/ecole-dominicale-et-discipulat\/"},"modified":"2023-12-05T20:32:50","modified_gmt":"2023-12-06T02:32:50","slug":"disciple-nazareen-international","status":"publish","type":"page","link":"https:\/\/www.mesonaz.org\/fr\/disciple-nazareen-international\/","title":{"rendered":"Disciple Nazar\u00e9en International"},"content":{"rendered":"<div class=\"fusion-fullwidth fullwidth-box fusion-builder-row-1 fusion-flex-container nonhundred-percent-fullwidth non-hundred-percent-height-scrolling\" style=\"--awb-border-radius-top-left:0px;--awb-border-radius-top-right:0px;--awb-border-radius-bottom-right:0px;--awb-border-radius-bottom-left:0px;--awb-flex-wrap:wrap;\" ><div class=\"fusion-builder-row fusion-row fusion-flex-align-items-flex-start fusion-flex-content-wrap\" style=\"max-width:1248px;margin-left: calc(-4% \/ 2 );margin-right: calc(-4% \/ 2 );\"><div class=\"fusion-layout-column fusion_builder_column fusion-builder-column-0 fusion_builder_column_2_3 2_3 fusion-flex-column\" style=\"--awb-bg-size:cover;--awb-width-large:66.666666666667%;--awb-margin-top-large:0px;--awb-spacing-right-large:3.84%;--awb-margin-bottom-large:0px;--awb-spacing-left-large:2.88%;--awb-width-medium:66.666666666667%;--awb-spacing-right-medium:3.84%;--awb-spacing-left-medium:2.88%;--awb-width-small:100%;--awb-spacing-right-small:1.92%;--awb-spacing-left-small:1.92%;\"><div class=\"fusion-column-wrapper fusion-flex-justify-content-flex-start fusion-content-layout-column\"><div class=\"fusion-text fusion-text-1\"><h1><span class=\"VIiyi\" lang=\"fr\"><span class=\"JLqJ4b ChMk0b\" data-language-for-alternatives=\"fr\" data-language-to-translate-into=\"en\" data-phrase-index=\"0\" data-number-of-phrases=\"1\"><span class=\"Q4iAWc\">Disciple Nazar\u00e9en International<\/span><\/span><\/span><\/h1>\n<h3>Notre Mission<\/h3>\n<p class=\"p2\"><span class=\"s1\"><span class=\"Apple-converted-space\">\u00a0<\/span><\/span>La mission du Discipolat Nazar\u00e9en International (DNI) est d&rsquo;accomplir le Grand Mandat aupr\u00e8s des enfants, des jeunes et des adultes qui s\u2019appr\u00eatent \u00e0 s&#8217;embarquer pour un voyage de toute une vie pour devenir et faire des disciples \u00e0 l&rsquo;image du Christ dans toutes les nations.<span class=\"Apple-converted-space\">\u00a0<\/span><\/p>\n<h3 class=\"p2\"><span class=\"s1\"><span class=\"Apple-converted-space\">\u00a0<\/span><\/span><b>But<span class=\"Apple-converted-space\">\u00a0<\/span><\/b><\/h3>\n<p>Le but du DNI est d&rsquo;aider les \u00e9glises locales \u00e0 :<\/p>\n<p>a. Amener les non-croyants \u00e0 J\u00e9sus<\/p>\n<p>b. Renforcer la foi des nouveaux croyants en Christ.<\/p>\n<p>c. Accompagner les croyants dans leur engagement absolu, leur purification, le d\u00e9veloppement d\u2019une vie fructueuse et remplie du Saint Esprit.<\/p>\n<h3>Principes Fondamentaux<\/h3>\n<p>Le DNI promeut les cinq Principes Fondamentaux et essentiels au processus de discipolat suivants :<\/p>\n<p>a. La Pri\u00e8re Fervente<\/p>\n<p>b. La Sensibilisation Compassionnelle<\/p>\n<p>c. L\u2019Etude Biblique Approfondie<\/p>\n<p>d. Le Mentorat et la Pr\u00e9paration Intentionnels<\/p>\n<p>e. Les Relations Authentiques<\/p>\n<p>La promotion et la reproduction de ces Principes Fondamentaux dans chaque r\u00e9gion, champ, district et \u00e9glise locale, contribueront \u00e0 la formation de disciples \u00e0 l&rsquo;image du Christ quel que soit leur \u00e2ge et culture.<\/p>\n<\/div><\/div><\/div><div class=\"fusion-layout-column fusion_builder_column fusion-builder-column-1 fusion_builder_column_1_3 1_3 fusion-flex-column\" style=\"--awb-bg-size:cover;--awb-width-large:33.333333333333%;--awb-margin-top-large:0px;--awb-spacing-right-large:5.76%;--awb-margin-bottom-large:20px;--awb-spacing-left-large:3.84%;--awb-width-medium:33.333333333333%;--awb-spacing-right-medium:5.76%;--awb-spacing-left-medium:3.84%;--awb-width-small:100%;--awb-spacing-right-small:1.92%;--awb-spacing-left-small:1.92%;\"><div class=\"fusion-column-wrapper fusion-flex-justify-content-flex-start fusion-content-layout-column\"><div style=\"text-align:center;\"><a class=\"fusion-button button-flat button-large button-custom fusion-button-default button-1 fusion-button-span-yes \" style=\"--button_accent_color:#ffffff;--button_accent_hover_color:#ffffff;--button_border_hover_color:#ffffff;--button_border_width-top:1px;--button_border_width-right:1px;--button_border_width-bottom:1px;--button_border_width-left:1px;--button-border-radius-top-left:2px;--button-border-radius-top-right:2px;--button-border-radius-bottom-right:2px;--button-border-radius-bottom-left:2px;--button_gradient_top_color:#017dc4;--button_gradient_bottom_color:#017dc4;--button_gradient_top_color_hover:#017dc4;--button_gradient_bottom_color_hover:#017dc4;\" target=\"_blank\" rel=\"noopener noreferrer\" href=\"http:\/\/www.mesoamericaregion.org\/fr\/disciple-nazareen-international\/ressources-disciple\/\"><span class=\"fusion-button-icon-divider button-icon-divider-left\"><i class=\"fa-download fas awb-button__icon awb-button__icon--default\" aria-hidden=\"true\"><\/i><\/span><span class=\"fusion-button-text awb-button__text awb-button__text--default fusion-button-text-left\">Ressources Disciple<\/span><\/a><\/div><div class=\"fusion-separator fusion-full-width-sep\" style=\"align-self: center;margin-left: auto;margin-right: auto;margin-top:25px;width:100%;\"><\/div><div style=\"text-align:center;\"><a class=\"fusion-button button-flat button-large button-custom fusion-button-default button-2 fusion-button-span-yes \" style=\"--button_accent_color:#ffffff;--button_accent_hover_color:#ffffff;--button_border_hover_color:#ffffff;--button_border_width-top:1px;--button_border_width-right:1px;--button_border_width-bottom:1px;--button_border_width-left:1px;--button-border-radius-top-left:2px;--button-border-radius-top-right:2px;--button-border-radius-bottom-right:2px;--button-border-radius-bottom-left:2px;--button_gradient_top_color:#017dc4;--button_gradient_bottom_color:#017dc4;--button_gradient_top_color_hover:#017dc4;--button_gradient_bottom_color_hover:#017dc4;\" target=\"_blank\" rel=\"noopener noreferrer\" href=\"https:\/\/www.mesonaz.org\/fr\/dossier-de-ressources-des-ministeres-du-discipulat-2024\/\"><span class=\"fusion-button-icon-divider button-icon-divider-left\"><i class=\"fa-download fas awb-button__icon awb-button__icon--default\" aria-hidden=\"true\"><\/i><\/span><span class=\"fusion-button-text awb-button__text awb-button__text--default fusion-button-text-left\">Dossier de ressources des DNI &#8211; 2024<\/span><\/a><\/div><\/div><\/div><\/div><\/div>\n","protected":false},"excerpt":{"rendered":"","protected":false},"author":3,"featured_media":0,"parent":0,"menu_order":0,"comment_status":"open","ping_status":"open","template":"","meta":{"footnotes":""},"class_list":["post-10149","page","type-page","status-publish","hentry"],"_links":{"self":[{"href":"https:\/\/www.mesonaz.org\/fr\/wp-json\/wp\/v2\/pages\/10149","targetHints":{"allow":["GET"]}}],"collection":[{"href":"https:\/\/www.mesonaz.org\/fr\/wp-json\/wp\/v2\/pages"}],"about":[{"href":"https:\/\/www.mesonaz.org\/fr\/wp-json\/wp\/v2\/types\/page"}],"author":[{"embeddable":true,"href":"https:\/\/www.mesonaz.org\/fr\/wp-json\/wp\/v2\/users\/3"}],"replies":[{"embeddable":true,"href":"https:\/\/www.mesonaz.org\/fr\/wp-json\/wp\/v2\/comments?post=10149"}],"version-history":[{"count":0,"href":"https:\/\/www.mesonaz.org\/fr\/wp-json\/wp\/v2\/pages\/10149\/revisions"}],"wp:attachment":[{"href":"https:\/\/www.mesonaz.org\/fr\/wp-json\/wp\/v2\/media?parent=10149"}],"curies":[{"name":"wp","href":"https:\/\/api.w.org\/{rel}","templated":true}]}}