{"id":10112,"date":"2012-09-28T17:25:38","date_gmt":"2012-09-28T23:25:38","guid":{"rendered":"https:\/\/www.mesonaz.org\/qui-sommes-nous\/"},"modified":"2018-04-23T09:59:47","modified_gmt":"2018-04-23T15:59:47","slug":"qui-sommes-nous","status":"publish","type":"page","link":"https:\/\/www.mesonaz.org\/fr\/qui-sommes-nous\/","title":{"rendered":"Qui Sommes-Nous?"},"content":{"rendered":"<h2>QUI SOMMES-NOUS?<\/h2>\n<p>L\u2019\u00c9glise du Nazar\u00e9en est compos\u00e9e des personnes que volontairement se sont abonn\u00e9s conform\u00e9ment aux doctrines et au gouvernement de cette \u00e9glise, et qui cherchent la sainte communion chr\u00e9tienne, la conversion des p\u00eacheurs, l\u2019enti\u00e8re sanctification des croyants, son \u00e9dification \u00e0 la saintet\u00e9 et la simplicit\u00e9 et le pouvoir spirituel manifest\u00e9s \u00e0 l\u2019\u00e9glise primitive du Nouveau Testament, ensemble avec la pr\u00e9dication de l\u2019\u00e9vangile \u00e0 toute cr\u00e9ature.<\/p>\n<p>L\u2019\u00c9glise du Nazar\u00e9en existe avec le but de servir en tant qu\u2019instrument pour le progr\u00e8s du royaume de Dieu \u00e0 travers la pr\u00e9dication et l\u2019enseignement de l\u2019\u00e9vangile dans le monde entier. Notre commission bien d\u00e9finie consiste \u00e0 pr\u00e9server et diffuser la saintet\u00e9 chr\u00e9tienne comme elle est \u00e9tablie sur les \u00c9critures, \u00e0 travers la conversion des p\u00eacheurs, la restauration des apostats et la enti\u00e8re sanctification des croyants.<\/p>\n<p>&nbsp;<\/p>\n<h2>ORIGINE ET PROPOS DE LA R\u00c9GION<\/h2>\n<p>Avec le grandissement de l\u2019\u00e9glise au monde entier, il s\u2019est d\u00e9velopp\u00e9 le groupe de plusieurs districts organis\u00e9s dans des zones g\u00e9ographiques identifi\u00e9es telles que r\u00e9gions.<\/p>\n","protected":false},"excerpt":{"rendered":"<p>QUI SOMMES-NOUS? L\u2019\u00c9glise du Nazar\u00e9en est compos\u00e9e des personnes que volontairement se sont abonn\u00e9s conform\u00e9ment aux doctrines et au gouvernement de cette \u00e9glise, et qui cherchent la sainte communion chr\u00e9tienne, la conversion des p\u00eacheurs, l\u2019enti\u00e8re sanctification des croyants, son \u00e9dification \u00e0 la saintet\u00e9 et la simplicit\u00e9 et le pouvoir spirituel manifest\u00e9s \u00e0 l\u2019\u00e9glise primitive du <a href=\"https:\/\/www.mesonaz.org\/fr\/qui-sommes-nous\/\"> <\/a><\/p>\n","protected":false},"author":3,"featured_media":0,"parent":0,"menu_order":0,"comment_status":"open","ping_status":"closed","template":"","meta":{"footnotes":""},"class_list":["post-10112","page","type-page","status-publish","hentry"],"_links":{"self":[{"href":"https:\/\/www.mesonaz.org\/fr\/wp-json\/wp\/v2\/pages\/10112","targetHints":{"allow":["GET"]}}],"collection":[{"href":"https:\/\/www.mesonaz.org\/fr\/wp-json\/wp\/v2\/pages"}],"about":[{"href":"https:\/\/www.mesonaz.org\/fr\/wp-json\/wp\/v2\/types\/page"}],"author":[{"embeddable":true,"href":"https:\/\/www.mesonaz.org\/fr\/wp-json\/wp\/v2\/users\/3"}],"replies":[{"embeddable":true,"href":"https:\/\/www.mesonaz.org\/fr\/wp-json\/wp\/v2\/comments?post=10112"}],"version-history":[{"count":0,"href":"https:\/\/www.mesonaz.org\/fr\/wp-json\/wp\/v2\/pages\/10112\/revisions"}],"wp:attachment":[{"href":"https:\/\/www.mesonaz.org\/fr\/wp-json\/wp\/v2\/media?parent=10112"}],"curies":[{"name":"wp","href":"https:\/\/api.w.org\/{rel}","templated":true}]}}