{"id":7949,"date":"2012-09-28T17:36:27","date_gmt":"2012-09-28T23:36:27","guid":{"rendered":"http:mesoamericaregion.org?page_id=7949"},"modified":"2020-08-13T16:22:14","modified_gmt":"2020-08-13T22:22:14","slug":"evangelism","status":"publish","type":"page","link":"https:\/\/www.mesonaz.org\/en\/ministries\/evangelism\/","title":{"rendered":"Evangelism"},"content":{"rendered":"<div class=\"fusion-fullwidth fullwidth-box fusion-builder-row-1 fusion-flex-container nonhundred-percent-fullwidth non-hundred-percent-height-scrolling\" style=\"--awb-background-position:left top;--awb-border-radius-top-left:0px;--awb-border-radius-top-right:0px;--awb-border-radius-bottom-right:0px;--awb-border-radius-bottom-left:0px;--awb-padding-top:20px;--awb-padding-bottom:20px;--awb-border-sizes-top:0px;--awb-border-sizes-bottom:0px;--awb-flex-wrap:wrap;\" ><div class=\"fusion-builder-row fusion-row fusion-flex-align-items-flex-start fusion-flex-content-wrap\" style=\"max-width:1248px;margin-left: calc(-4% \/ 2 );margin-right: calc(-4% \/ 2 );\"><div class=\"fusion-layout-column fusion_builder_column fusion-builder-column-0 fusion_builder_column_2_3 2_3 fusion-flex-column\" style=\"--awb-bg-size:cover;--awb-width-large:66.666666666667%;--awb-margin-top-large:0px;--awb-spacing-right-large:3.84%;--awb-margin-bottom-large:20px;--awb-spacing-left-large:2.88%;--awb-width-medium:66.666666666667%;--awb-spacing-right-medium:3.84%;--awb-spacing-left-medium:2.88%;--awb-width-small:100%;--awb-spacing-right-small:1.92%;--awb-spacing-left-small:1.92%;\"><div class=\"fusion-column-wrapper fusion-flex-justify-content-flex-start fusion-content-layout-column\"><div class=\"fusion-text fusion-text-1\"><h1><span style=\"color: #5c9bb9;\">Evangelism<\/span><\/h1>\n<p>It is a great privilege to serve in the ministry of Regional Evangelism, and it is my hope that you will receive all the help you need to facilitate evangelism in your ministry context. We have an incredible ministry team that is ready to assist with projects on national, Area, and Regional level.<\/p>\n<h3>Evangelism Workshops<\/h3>\n<ul class=\"triangle-large\">\n<ul class=\"triangle-large\">\n<ul class=\"triangle-large\">\n<li>Personal Evangelism<\/li>\n<li>Holiness Campaigns<\/li>\n<li>Integrated Ministry<\/li>\n<li>New Church Development<\/li>\n<li>District Organization<\/li>\n<li>Refocus<\/li>\n<\/ul>\n<\/ul>\n<\/ul>\n<h3>Church Planting Strategies<\/h3>\n<ul class=\"triangle-large\">\n<ul class=\"triangle-large\">\n<ul class=\"triangle-large\">\n<li>Missional Zone Planting Project<\/li>\n<li>Jesus Film Workshops<\/li>\n<li>To Be Like Him<\/li>\n<li>Each One Win One<\/li>\n<\/ul>\n<\/ul>\n<\/ul>\n<p>&nbsp;<\/p>\n<h3>Evangelism Materials<\/h3>\n<ul class=\"triangle-large\">\n<ul class=\"triangle-large\">\n<ul class=\"triangle-large\">\n<li>Training Manual Of Evangelism<\/li>\n<li>Training Manual To Be Like Him<\/li>\n<li>Training Manual Jesus Film<\/li>\n<li>Training Manual EvangeCube\/Cards<\/li>\n<li>Training Manual Holiness Cube\/Cards<\/li>\n<li>Training Manual Evangelistic Campaigns<\/li>\n<li>Training Manual Small Groups<\/li>\n<li>Training Manual Spiritual Expedition<\/li>\n<li>Book: Collision Between The Law and Grace<\/li>\n<li>Book: Missional Zones<\/li>\n<li>Book: Real Hope<\/li>\n<li>Discipleship: To Be Like Him<\/li>\n<li>Videos: Jesus Film Adult<\/li>\n<li>Video: Jesus Film Children<\/li>\n<li>Video: Jesus Film Magdalena<\/li>\n<\/ul>\n<\/ul>\n<\/ul>\n<h3>Evangelism Ministry Trips To All 31 MAR Countries:<\/h3>\n<ul class=\"triangle-large\">\n<ul class=\"triangle-large\">\n<ul class=\"triangle-large\">\n<li>WW IM National= Integrated Ministry Church Planting same country<\/li>\n<li>WW IM International= Integrated Church Planting other Countries<\/li>\n<li>WW JF Ministry= Integrated Church Planting with JFHP<\/li>\n<li>WW JF Donor = Integrated Ministry trips with JFHP Donors<\/li>\n<li>WW JF Premier Donor= Special Integrated Ministry Trip with a donor or donors.<\/li>\n<\/ul>\n<\/ul>\n<\/ul>\n<h3>Plans or goals for the future:<\/h3>\n<p><b>Vision 2013<\/b><\/p>\n<ul class=\"triangle-large\">\n<li>Mesoamerica Growth Rate 7% Region wide<\/li>\n<li>Area, Districts, Churches, Missions, and Ministry Departments<\/li>\n<li>12 New Volunteer Missionaries (Total 14)<\/li>\n<li>3 New Districts organized (Total 75)<\/li>\n<li>115 Missional Zones<\/li>\n<li>New Country: Curacao (Total 2)Pel\u00edcula de Jes\u00fasPel\u00edcula de Jes\u00fas<\/li>\n<li>Project 28 Targets: Habana, &amp; Curacao (Total 3)<\/li>\n<li>18,750 Decisions for Christ<\/li>\n<li>324,408 Full Members<\/li>\n<li>88,165 Associate Members<\/li>\n<li>412,573 Total Members<\/li>\n<li>266,053 Worship<\/li>\n<li>3274 Organized Churches<\/li>\n<li>283 Missions<\/li>\n<li>1593 Elders<\/li>\n<li>17 Deacons<\/li>\n<li>1547 Licensed<\/li>\n<li>97,000 NYI Members<\/li>\n<\/ul>\n<p><b>Plan 2013<\/b><\/p>\n<ul class=\"triangle-large\">\n<li>Mesoamerica Growth Rate 7% Region wide<\/li>\n<li>Area, Districts, Churches, Missions, and Ministry Departments<\/li>\n<li>12 New Volunteer Missionaries (Total 14)<\/li>\n<li>115 Missional Zone Planter Projects<\/li>\n<li>New Country: Curacao (Total 2)<\/li>\n<li>Project 28 Targets: Havana, &amp; Curacao (Total 3)<\/li>\n<li>Reality Check Focus (Target Improvement):<\/li>\n<li>Structure \/ Functional<\/li>\n<li>Worship \/ Inspiring<\/li>\n<li>Discipleship Groups \/Effective&amp; Vibrant<\/li>\n<\/ul>\n<\/div><\/div><\/div><div class=\"fusion-layout-column fusion_builder_column fusion-builder-column-1 fusion_builder_column_1_3 1_3 fusion-flex-column\" style=\"--awb-bg-size:cover;--awb-width-large:33.333333333333%;--awb-margin-top-large:0px;--awb-spacing-right-large:5.76%;--awb-margin-bottom-large:20px;--awb-spacing-left-large:3.8399999999999%;--awb-width-medium:33.333333333333%;--awb-spacing-right-medium:5.76%;--awb-spacing-left-medium:3.8399999999999%;--awb-width-small:100%;--awb-spacing-right-small:1.92%;--awb-spacing-left-small:1.92%;\"><div class=\"fusion-column-wrapper fusion-flex-justify-content-flex-start fusion-content-layout-column\"><div class=\"fusion-widget-area awb-widget-area-element fusion-widget-area-1 fusion-content-widget-area\" style=\"--awb-title-size:18px;--awb-title-color:#464646;\"><div class=\"fusion-additional-widget-content\"><\/div><\/div><div class=\"fusion-separator fusion-full-width-sep\" style=\"align-self: center;margin-left: auto;margin-right: auto;margin-top:0px;margin-bottom:40px;width:100%;\"><div class=\"fusion-separator-border sep-single sep-solid\" style=\"--awb-height:20px;--awb-amount:20px;--awb-sep-color:#13a1c4;border-color:#13a1c4;border-top-width:2px;\"><\/div><\/div><div class=\"fusion-widget-area awb-widget-area-element fusion-widget-area-2 fusion-content-widget-area\" style=\"--awb-title-size:18px;--awb-title-color:#464646;\"><div class=\"fusion-additional-widget-content\"><\/div><\/div><div class=\"fusion-separator fusion-full-width-sep\" style=\"align-self: center;margin-left: auto;margin-right: auto;margin-top:0px;margin-bottom:40px;width:100%;\"><div class=\"fusion-separator-border sep-single sep-solid\" style=\"--awb-height:20px;--awb-amount:20px;--awb-sep-color:#13a1c4;border-color:#13a1c4;border-top-width:2px;\"><\/div><\/div><div class=\"fusion-widget-area awb-widget-area-element fusion-widget-area-3 fusion-content-widget-area\" style=\"--awb-title-size:18px;--awb-title-color:#464646;\"><div class=\"fusion-additional-widget-content\"><\/div><\/div><div class=\"fusion-section-separator section-separator triangle fusion-section-separator-1 margen-abajo\" style=\"--awb-border-bottom:1px solid #13a1c4;--awb-spacer-height:1px;--awb-svg-margin-left:3.8399999999999%;--awb-svg-margin-right:5.76%;--awb-svg-margin-left-medium:3.8399999999999%;--awb-svg-margin-right-medium:5.76%;--awb-svg-margin-left-small:1.92%;--awb-svg-margin-right-small:1.92%;--awb-icon-color:#ffffff;\"><div class=\"fusion-section-separator-svg\"><div class=\"divider-candy-arrow bottom\" style=\"top:0px;border-top-color: #13a1c4;\"><\/div><div class=\"divider-candy bottom\" style=\"bottom:-21px;border-bottom:1px solid #13a1c4;border-left:1px solid #13a1c4;\"><\/div><\/div><div class=\"fusion-section-separator-spacer\"><div class=\"fusion-section-separator-spacer-height\"><\/div><\/div><\/div><div class=\"fusion-separator fusion-full-width-sep\" style=\"align-self: center;margin-left: auto;margin-right: auto;margin-top:25px;width:100%;\"><\/div><div class=\"fusion-recent-posts fusion-recent-posts-1 avada-container layout-default layout-columns-2\"><section class=\"fusion-columns columns fusion-columns-2 columns-2\"><article class=\"post fusion-column column col col-lg-6 col-md-6 col-sm-6\"><div class=\"fusion-flexslider fusion-flexslider-loading flexslider flexslider-hover-type-none\"><ul class=\"slides\"><li><a href=\"https:\/\/www.mesonaz.org\/en\/exponaz-2025-a-transformational-gathering-for-the-expansion-of-the-gospel\/\" aria-label=\"EXPONAZ 2025: A Transformational Gathering for the Expansion of the Gospel\" class=\"hover-type-none\"><img decoding=\"async\" width=\"700\" height=\"441\" src=\"https:\/\/www.mesonaz.org\/wp-content\/uploads\/2025\/02\/IMG_9071-700x441.jpeg\" class=\"attachment-recent-posts size-recent-posts\" alt=\"\" srcset=\"https:\/\/www.mesonaz.org\/wp-content\/uploads\/2025\/02\/IMG_9071-320x202.jpeg 320w, https:\/\/www.mesonaz.org\/wp-content\/uploads\/2025\/02\/IMG_9071-700x441.jpeg 700w\" sizes=\"(max-width: 700px) 100vw, 700px\" \/><\/a><\/li><\/ul><\/div><div class=\"recent-posts-content\"><h4 class=\"\"><a href=\"https:\/\/www.mesonaz.org\/en\/exponaz-2025-a-transformational-gathering-for-the-expansion-of-the-gospel\/\">EXPONAZ 2025: A Transformational Gathering for the Expansion of the Gospel<\/a><\/h4><p>San Pedro Sula, Honduras, was the setting for EXPONAZ 2025, a high-impact event that brought together more than 300 attendees on February 14 and 15<a href=\"https:\/\/www.mesonaz.org\/en\/exponaz-2025-a-transformational-gathering-for-the-expansion-of-the-gospel\/\"> <\/a><\/p><\/div><\/article><article class=\"post fusion-column column col col-lg-6 col-md-6 col-sm-6\"><div class=\"fusion-flexslider fusion-flexslider-loading flexslider flexslider-hover-type-none\"><ul class=\"slides\"><li><a href=\"https:\/\/www.mesonaz.org\/en\/evangelism-training-tour-in-guatemala-a-boost-to-strengthen-nazarene-mission\/\" aria-label=\"Evangelism Training Tour in Guatemala: A Boost To Strengthen Nazarene Mission\" class=\"hover-type-none\"><img decoding=\"async\" width=\"700\" height=\"441\" src=\"https:\/\/www.mesonaz.org\/wp-content\/uploads\/2024\/11\/WhatsApp-Image-2024-11-25-at-1.56.23-PM-4-700x441.jpeg\" class=\"attachment-recent-posts size-recent-posts\" alt=\"\" srcset=\"https:\/\/www.mesonaz.org\/wp-content\/uploads\/2024\/11\/WhatsApp-Image-2024-11-25-at-1.56.23-PM-4-320x202.jpeg 320w, https:\/\/www.mesonaz.org\/wp-content\/uploads\/2024\/11\/WhatsApp-Image-2024-11-25-at-1.56.23-PM-4-700x441.jpeg 700w\" sizes=\"(max-width: 700px) 100vw, 700px\" \/><\/a><\/li><\/ul><\/div><div class=\"recent-posts-content\"><h4 class=\"\"><a href=\"https:\/\/www.mesonaz.org\/en\/evangelism-training-tour-in-guatemala-a-boost-to-strengthen-nazarene-mission\/\">Evangelism Training Tour in Guatemala: A Boost To Strengthen Nazarene Mission<\/a><\/h4><p>From November 1\u201312, a team from the evangelism ministry of the Mesoamerica Region conducted a training tour in Guatemala with the goal of strengthening and<a href=\"https:\/\/www.mesonaz.org\/en\/evangelism-training-tour-in-guatemala-a-boost-to-strengthen-nazarene-mission\/\"> <\/a><\/p><\/div><\/article><article class=\"post fusion-column column col col-lg-6 col-md-6 col-sm-6\"><div class=\"fusion-flexslider fusion-flexslider-loading flexslider flexslider-hover-type-none\"><ul class=\"slides\"><li><a href=\"https:\/\/www.mesonaz.org\/en\/costa-rica-church-impacts-community-with-evangelistic-events\/\" aria-label=\"Costa Rica church impacts community with evangelistic events\" class=\"hover-type-none\"><img decoding=\"async\" width=\"700\" height=\"441\" src=\"https:\/\/www.mesonaz.org\/wp-content\/uploads\/2024\/11\/463862819_949751387178916_7077284633903120182_n-700x441.jpg\" class=\"attachment-recent-posts size-recent-posts\" alt=\"\" srcset=\"https:\/\/www.mesonaz.org\/wp-content\/uploads\/2024\/11\/463862819_949751387178916_7077284633903120182_n-320x202.jpg 320w, https:\/\/www.mesonaz.org\/wp-content\/uploads\/2024\/11\/463862819_949751387178916_7077284633903120182_n-700x441.jpg 700w\" sizes=\"(max-width: 700px) 100vw, 700px\" \/><\/a><\/li><\/ul><\/div><div class=\"recent-posts-content\"><h4 class=\"\"><a href=\"https:\/\/www.mesonaz.org\/en\/costa-rica-church-impacts-community-with-evangelistic-events\/\">Costa Rica church impacts community with evangelistic events<\/a><\/h4><p>In October 2024, Casa de Oraci\u00f3n Iglesia del Nazareno in San Jos\u00e9, Costa Rica, conducted two impactful evangelistic activities as part of its urban evangelism<a href=\"https:\/\/www.mesonaz.org\/en\/costa-rica-church-impacts-community-with-evangelistic-events\/\"> <\/a><\/p><\/div><\/article><article class=\"post fusion-column column col col-lg-6 col-md-6 col-sm-6\"><div class=\"fusion-flexslider fusion-flexslider-loading flexslider flexslider-hover-type-none\"><ul class=\"slides\"><li><a href=\"https:\/\/www.mesonaz.org\/en\/nazarenes-visit-and-create-connections-with-the-tolupan-ethnic-group-in-honduras\/\" aria-label=\"Nazarenes Visit and Create Connections with the Tolupan Ethnic Group in Honduras\" class=\"hover-type-none\"><img decoding=\"async\" width=\"700\" height=\"441\" src=\"https:\/\/www.mesonaz.org\/wp-content\/uploads\/2023\/10\/09-2-700x441.jpg\" class=\"attachment-recent-posts size-recent-posts\" alt=\"\" srcset=\"https:\/\/www.mesonaz.org\/wp-content\/uploads\/2023\/10\/09-2-320x202.jpg 320w, https:\/\/www.mesonaz.org\/wp-content\/uploads\/2023\/10\/09-2-700x441.jpg 700w\" sizes=\"(max-width: 700px) 100vw, 700px\" \/><\/a><\/li><\/ul><\/div><div class=\"recent-posts-content\"><h4 class=\"\"><a href=\"https:\/\/www.mesonaz.org\/en\/nazarenes-visit-and-create-connections-with-the-tolupan-ethnic-group-in-honduras\/\">Nazarenes Visit and Create Connections with the Tolupan Ethnic Group in Honduras<\/a><\/h4><p>On September 3rd, the Church of the Nazarene of Moraz\u00e1n, Yoro,\u00a0Honduras visited the\u00a0 Calichal community,\u00a0where the Tolupan indigenous group is found. The visit was to<a href=\"https:\/\/www.mesonaz.org\/en\/nazarenes-visit-and-create-connections-with-the-tolupan-ethnic-group-in-honduras\/\"> <\/a><\/p><\/div><\/article><article class=\"post fusion-column column col col-lg-6 col-md-6 col-sm-6\"><div class=\"fusion-flexslider fusion-flexslider-loading flexslider flexslider-hover-type-none\"><ul class=\"slides\"><li><a href=\"https:\/\/www.mesonaz.org\/en\/over-50-children-learn-about-missions-at-childrens-missionary-retreat-in-mexico\/\" aria-label=\"Over 50 Children Learn About Missions at Children\u2019s Missionary Retreat in Mexico\" class=\"hover-type-none\"><img decoding=\"async\" width=\"700\" height=\"441\" src=\"https:\/\/www.mesonaz.org\/wp-content\/uploads\/2023\/09\/WhatsApp-Image-2023-09-22-at-8.08.04-PM-700x441.jpg\" class=\"attachment-recent-posts size-recent-posts\" alt=\"\" srcset=\"https:\/\/www.mesonaz.org\/wp-content\/uploads\/2023\/09\/WhatsApp-Image-2023-09-22-at-8.08.04-PM-320x202.jpg 320w, https:\/\/www.mesonaz.org\/wp-content\/uploads\/2023\/09\/WhatsApp-Image-2023-09-22-at-8.08.04-PM-700x441.jpg 700w\" sizes=\"(max-width: 700px) 100vw, 700px\" \/><\/a><\/li><\/ul><\/div><div class=\"recent-posts-content\"><h4 class=\"\"><a href=\"https:\/\/www.mesonaz.org\/en\/over-50-children-learn-about-missions-at-childrens-missionary-retreat-in-mexico\/\">Over 50 Children Learn About Missions at Children\u2019s Missionary Retreat in Mexico<\/a><\/h4><p>Fifty four children attended Children\u2019s Missionary Retreat (CMR) in Mexico to learn about and get involved in missions. This CMR took place at the district<a href=\"https:\/\/www.mesonaz.org\/en\/over-50-children-learn-about-missions-at-childrens-missionary-retreat-in-mexico\/\"> <\/a><\/p><\/div><\/article><article class=\"post fusion-column column col col-lg-6 col-md-6 col-sm-6\"><div class=\"fusion-flexslider fusion-flexslider-loading flexslider flexslider-hover-type-none\"><ul class=\"slides\"><li><a href=\"https:\/\/www.mesonaz.org\/en\/1516-people-baptized-in-a-massive-event-in-guatemala\/\" aria-label=\"1516 People Baptized in a Massive Event in Guatemala\" class=\"hover-type-none\"><img decoding=\"async\" width=\"700\" height=\"441\" src=\"https:\/\/www.mesonaz.org\/wp-content\/uploads\/2022\/09\/AF24CB75-0A77-40C3-AEFD-65AB21F1E982-700x441.jpeg\" class=\"attachment-recent-posts size-recent-posts\" alt=\"\" srcset=\"https:\/\/www.mesonaz.org\/wp-content\/uploads\/2022\/09\/AF24CB75-0A77-40C3-AEFD-65AB21F1E982-320x202.jpeg 320w, https:\/\/www.mesonaz.org\/wp-content\/uploads\/2022\/09\/AF24CB75-0A77-40C3-AEFD-65AB21F1E982-700x441.jpeg 700w\" sizes=\"(max-width: 700px) 100vw, 700px\" \/><\/a><\/li><\/ul><\/div><div class=\"recent-posts-content\"><h4 class=\"\"><a href=\"https:\/\/www.mesonaz.org\/en\/1516-people-baptized-in-a-massive-event-in-guatemala\/\">1516 People Baptized in a Massive Event in Guatemala<\/a><\/h4><p>On Sept. 4, the Nazarene Guatemala Verapaz North District held its second mass baptism where 1516 people from 116 people were baptized. Later, on Sept<a href=\"https:\/\/www.mesonaz.org\/en\/1516-people-baptized-in-a-massive-event-in-guatemala\/\"> <\/a><\/p><\/div><\/article><\/section><\/div><\/div><\/div><\/div><\/div>\n","protected":false},"excerpt":{"rendered":"","protected":false},"author":3,"featured_media":0,"parent":7936,"menu_order":0,"comment_status":"open","ping_status":"closed","template":"","meta":{"footnotes":""},"class_list":["post-7949","page","type-page","status-publish","hentry"],"_links":{"self":[{"href":"https:\/\/www.mesonaz.org\/en\/wp-json\/wp\/v2\/pages\/7949","targetHints":{"allow":["GET"]}}],"collection":[{"href":"https:\/\/www.mesonaz.org\/en\/wp-json\/wp\/v2\/pages"}],"about":[{"href":"https:\/\/www.mesonaz.org\/en\/wp-json\/wp\/v2\/types\/page"}],"author":[{"embeddable":true,"href":"https:\/\/www.mesonaz.org\/en\/wp-json\/wp\/v2\/users\/3"}],"replies":[{"embeddable":true,"href":"https:\/\/www.mesonaz.org\/en\/wp-json\/wp\/v2\/comments?post=7949"}],"version-history":[{"count":0,"href":"https:\/\/www.mesonaz.org\/en\/wp-json\/wp\/v2\/pages\/7949\/revisions"}],"up":[{"embeddable":true,"href":"https:\/\/www.mesonaz.org\/en\/wp-json\/wp\/v2\/pages\/7936"}],"wp:attachment":[{"href":"https:\/\/www.mesonaz.org\/en\/wp-json\/wp\/v2\/media?parent=7949"}],"curies":[{"name":"wp","href":"https:\/\/api.w.org\/{rel}","templated":true}]}}